{"id":6304,"date":"2023-03-21T09:58:46","date_gmt":"2023-03-21T09:58:46","guid":{"rendered":"https:\/\/hc-techso.com\/?page_id=6304"},"modified":"2023-03-21T10:00:16","modified_gmt":"2023-03-21T10:00:16","slug":"tuyen-bim-modeler-160323","status":"publish","type":"page","link":"https:\/\/hc-techso.com\/ja\/tuyen-dung\/tuyen-bim-modeler-160323\/","title":{"rendered":"BIM\u30e2\u30c7\u30e9\u30fc\u52df\u96c6\uff08\u6295\u7a3f\u65e5\uff1a2023\/03\/16\uff09"},"content":{"rendered":"<div data-elementor-type=\"wp-page\" data-elementor-id=\"6304\" class=\"elementor elementor-6304\">\n\t\t\t\t\t\t\t\t\t<section class=\"elementor-section elementor-top-section elementor-element elementor-element-181d2fd1 elementor-section-boxed elementor-section-height-default elementor-section-height-default\" data-id=\"181d2fd1\" data-element_type=\"section\">\n\t\t\t\t\t\t<div class=\"elementor-container elementor-column-gap-default\">\n\t\t\t\t\t<div class=\"elementor-column elementor-col-50 elementor-top-column elementor-element elementor-element-582eb447\" data-id=\"582eb447\" data-element_type=\"column\">\n\t\t\t<div class=\"elementor-widget-wrap elementor-element-populated\">\n\t\t\t\t\t\t\t\t<div class=\"elementor-element elementor-element-2e45d121 elementor-position-below elementor-widget elementor-widget-heading\" data-id=\"2e45d121\" data-element_type=\"widget\" data-widget_type=\"heading.default\">\n\t\t\t\t<div class=\"elementor-widget-container\">\n\t\t\t<style>\/*! elementor - v3.12.2 - 23-04-2023 *\/\n.elementor-heading-title{padding:0;margin:0;line-height:1}.elementor-widget-heading .elementor-heading-title[class*=elementor-size-]>a{color:inherit;font-size:inherit;line-height:inherit}.elementor-widget-heading .elementor-heading-title.elementor-size-small{font-size:15px}.elementor-widget-heading .elementor-heading-title.elementor-size-medium{font-size:19px}.elementor-widget-heading .elementor-heading-title.elementor-size-large{font-size:29px}.elementor-widget-heading .elementor-heading-title.elementor-size-xl{font-size:39px}.elementor-widget-heading .elementor-heading-title.elementor-size-xxl{font-size:59px}<\/style><div class=\"elementor-heading-wrapper\" ><div class=\"elementor-heading-wrapper-inner\"><h4 class=\"elementor-heading-title elementor-size-default\">join us today<\/h4><\/div><\/div>\t\t<\/div>\n\t\t\t\t<\/div>\n\t\t\t\t<div class=\"elementor-element elementor-element-696267ab elementor-position-left elementor-position-below elementor-widget elementor-widget-heading\" data-id=\"696267ab\" data-element_type=\"widget\" data-widget_type=\"heading.default\">\n\t\t\t\t<div class=\"elementor-widget-container\">\n\t\t\t<div class=\"elementor-heading-wrapper\" ><div class=\"elementor-heading-wrapper-inner\"><h2 class=\"elementor-heading-title elementor-size-default\">the right place for you<\/h2><\/div><\/div>\t\t<\/div>\n\t\t\t\t<\/div>\n\t\t\t\t\t<\/div>\n\t\t<\/div>\n\t\t\t\t<div class=\"elementor-column elementor-col-50 elementor-top-column elementor-element elementor-element-284db705\" data-id=\"284db705\" data-element_type=\"column\">\n\t\t\t<div class=\"elementor-widget-wrap elementor-element-populated\">\n\t\t\t\t\t\t\t\t<div class=\"elementor-element elementor-element-1b792785 elementor-widget elementor-widget-text-editor\" data-id=\"1b792785\" data-element_type=\"widget\" data-widget_type=\"text-editor.default\">\n\t\t\t\t<div class=\"elementor-widget-container\">\n\t\t\t<style>\/*! elementor - v3.12.2 - 23-04-2023 *\/\n.elementor-widget-text-editor.elementor-drop-cap-view-stacked .elementor-drop-cap{background-color:#69727d;color:#fff}.elementor-widget-text-editor.elementor-drop-cap-view-framed .elementor-drop-cap{color:#69727d;border:3px solid;background-color:transparent}.elementor-widget-text-editor:not(.elementor-drop-cap-view-default) .elementor-drop-cap{margin-top:8px}.elementor-widget-text-editor:not(.elementor-drop-cap-view-default) .elementor-drop-cap-letter{width:1em;height:1em}.elementor-widget-text-editor .elementor-drop-cap{float:left;text-align:center;line-height:1;font-size:50px}.elementor-widget-text-editor .elementor-drop-cap-letter{display:inline-block}<\/style>        <div class=\"elementor-text-editor elementor-clearfix\"><p>HC Technologies and Solutions Vietnam CO., LTD \u306f\u6b21\u306e\u5206\u91ce\u3067\u4e8b\u696d\u3057\u3066\u3044\u307e\u3059\u3002<br \/>\u00a0\u00a0\u00a0\u30fb\u5efa\u7bc9\u306e\u30a2\u30d7\u30ea\u3001\u30bd\u30ea\u30e5\u30fc\u30b7\u30e7\u30f3\u63d0\u4f9b<br \/>\u00a0\u00a0\u00a0\u30fb\u5efa\u7bc9\u53ca\u3073\u571f\u6728\u3067\u30e2\u30c7\u30ea\u30f3\u30b0\u3001\u8a2d\u8a08\u30fb\u65bd\u5de5\u306e\u56f3\u9762\u4f5c\u56f3\u7b49\u3082\u30b5\u30d3\u30fc\u30b9\u63d0\u4f9b<br \/>\u67d4\u8edf\u6027\u306a\u8077\u5834\u74b0\u5883\u3001\u9ad8\u3044\u6607\u9032\u6a5f\u4f1a\u3068\u3057\u3066\u3001\u5b66\u7fd2\u610f\u6b32\u306e\u3042\u308b\u82e5\u8005\u306b\u9069\u3057\u3066\u3044\u307e\u3059\u3002<\/p><\/div>\n        \t\t<\/div>\n\t\t\t\t<\/div>\n\t\t\t\t\t<\/div>\n\t\t<\/div>\n\t\t\t\t\t\t\t<\/div>\n\t\t<\/section>\n\t\t\t\t<section class=\"elementor-section elementor-top-section elementor-element elementor-element-d8f146b elementor-section-boxed elementor-section-height-default elementor-section-height-default\" data-id=\"d8f146b\" data-element_type=\"section\">\n\t\t\t\t\t\t<div class=\"elementor-container elementor-column-gap-default\">\n\t\t\t\t\t<div class=\"elementor-column elementor-col-50 elementor-top-column elementor-element elementor-element-6322f762\" data-id=\"6322f762\" data-element_type=\"column\">\n\t\t\t<div class=\"elementor-widget-wrap elementor-element-populated\">\n\t\t\t\t\t\t\t\t<div class=\"elementor-element elementor-element-1b3fc4c8 elementor-widget elementor-widget-text-editor\" data-id=\"1b3fc4c8\" data-element_type=\"widget\" data-widget_type=\"text-editor.default\">\n\t\t\t\t<div class=\"elementor-widget-container\">\n\t\t\t        <div class=\"elementor-text-editor elementor-clearfix\"><b>\u3010\u901a\u77e5\u3011\u5efa\u8a2d\u30fb\u69cb\u9020\u306eBIM\u30e2\u30c7\u30e9\u30fc\u306e\u52df\u96c6<\/b><br>\n\uff08\u6295\u7a3f\u65e5\uff1a2023\/03\/16\uff09<br><br>\n<b>\u2460\u4f5c\u696d\u5185\u5bb9\uff1a <\/b><br>\n&nbsp; &nbsp;\u30fbRevit\u3067\u5efa\u7bc9\u30fb\u571f\u6728\u30e2\u30c7\u30ea\u30f3\u30b0 <br>\n&nbsp; &nbsp;\u30fb\u65e5\u672c\u306e\u6a19\u6e96\u306b\u5f93\u3063\u3066\u3001Revit\u30673D\u30e2\u30c7\u30eb\u3092\u56f3\u9762\u5316\u3059\u308b <br>\n<b>\u2461\u63a1\u7528\u6848\u4ef6\uff1a <\/b><br>\n&nbsp; &nbsp;\u30fb\u5fc5\u8981\u306a\u56f3\u9762\u306e\u60c5\u5831\u3092\u8aad\u307f\u53d6\u308a\u3001\u30e2\u30c7\u30ea\u30f3\u30b0\u306b\u6d3b\u7528\u3059\u308b<br>\n&nbsp; &nbsp;\u30fb\u65e5\u672c\u5f0f\u306e\u65bd\u5de5\u56f3\u4f5c\u56f3\u306e\u7d4c\u9a13\u8981<br>\n&nbsp; &nbsp;\u30fb\u72ec\u7acb\u3067\u4f5c\u696d\u53ef\u80fd<br>\n&nbsp; &nbsp;\u30fb\u65e5\u672c\u8a9e\u80fd\u529b\u306f\u30d7\u30e9\u30b9<br>\n<b>\u2462\u5f85\u9047\uff1a <\/b><br>\n&nbsp; &nbsp;\u30fb\u9b45\u529b\u7684\u306a\u7d66\u6599 <br>\n&nbsp; &nbsp;\u30fb\u8cde\u4e0e\uff1a\u7b2c13\u6708\u7d66 <br>\n&nbsp; &nbsp;\u30fb\u30c1\u30fc\u30e0\u30d3\u30eb\u30c7\u30a3\u30f3\u30b0\u3001\u30cf\u30c3\u30d4\u30fc\u30a2\u30ef\u30fc\u3001\u6bce\u5e741\uff5e2\u56de\u306e\u65c5\u884c<br>\n&nbsp; &nbsp;\u30fb\u5b9a\u671f\u7684\u306a\u4e00\u822c\u5065\u5eb7\u8a3a\u65ad<br>\n<b>\u2463\u55b6\u696d\u6642\u9593\u30fb\u4f1a\u793e\u4f4f\u6240<\/b><br>\n&nbsp; &nbsp;\u30fb\u6708\u66dc\uff5e\u91d1\u66dc\uff1a8:30 ~ 12:00 &amp; 13:15 ~ 17:45 <br>\n&nbsp; &nbsp;\u30fb\u4f4f\u6240\uff1aA4-09, An Binh City 234 Pham Van Dong, Co Nhue 1, Bac Tu Liem, Hanoi, Vietnam<br>\n<u><a href=\"https:\/\/goo.gl\/maps\/ANPj7DGwKqjnoPr86\" target=\"_blank\" rel=\"noopener noreferrer\">\u5730\u56f3<\/a><\/u>\n\n<\/div>\n        \t\t<\/div>\n\t\t\t\t<\/div>\n\t\t\t\t\t<\/div>\n\t\t<\/div>\n\t\t\t\t<div class=\"elementor-column elementor-col-50 elementor-top-column elementor-element elementor-element-2796e21c\" data-id=\"2796e21c\" data-element_type=\"column\">\n\t\t\t<div class=\"elementor-widget-wrap elementor-element-populated\">\n\t\t\t\t\t\t\t\t<div class=\"elementor-element elementor-element-1466bed0 elementor-widget elementor-widget-spacer\" data-id=\"1466bed0\" data-element_type=\"widget\" data-widget_type=\"spacer.default\">\n\t\t\t\t<div class=\"elementor-widget-container\">\n\t\t\t<style>\/*! elementor - v3.12.2 - 23-04-2023 *\/\n.elementor-column .elementor-spacer-inner{height:var(--spacer-size)}.e-con{--container-widget-width:100%}.e-con-inner>.elementor-widget-spacer,.e-con>.elementor-widget-spacer{width:var(--container-widget-width,var(--spacer-size));--align-self:var(--container-widget-align-self,initial);--flex-shrink:0}.e-con-inner>.elementor-widget-spacer>.elementor-widget-container,.e-con-inner>.elementor-widget-spacer>.elementor-widget-container>.elementor-spacer,.e-con>.elementor-widget-spacer>.elementor-widget-container,.e-con>.elementor-widget-spacer>.elementor-widget-container>.elementor-spacer{height:100%}.e-con-inner>.elementor-widget-spacer>.elementor-widget-container>.elementor-spacer>.elementor-spacer-inner,.e-con>.elementor-widget-spacer>.elementor-widget-container>.elementor-spacer>.elementor-spacer-inner{height:var(--container-widget-height,var(--spacer-size))}<\/style>        <div class=\"elementor-spacer\">\n            <div class=\"elementor-spacer-inner\"><\/div>\n        <\/div>\n\t\t\t\t<\/div>\n\t\t\t\t<\/div>\n\t\t\t\t<div class=\"elementor-element elementor-element-57d576b1 elementor-widget elementor-widget-image\" data-id=\"57d576b1\" data-element_type=\"widget\" data-widget_type=\"image.default\">\n\t\t\t\t<div class=\"elementor-widget-container\">\n\t\t\t<style>\/*! elementor - v3.12.2 - 23-04-2023 *\/\n.elementor-widget-image{text-align:center}.elementor-widget-image a{display:inline-block}.elementor-widget-image a img[src$=\".svg\"]{width:48px}.elementor-widget-image img{vertical-align:middle;display:inline-block}<\/style>\t\t\t\t\t\t\t\t\t\t\t\t<img loading=\"lazy\" decoding=\"async\" width=\"600\" height=\"450\" src=\"https:\/\/hc-techso.com\/wp-content\/uploads\/2023\/03\/IMG_1658138196374_1658138957791-1024x768.jpg\" class=\"attachment-large size-large wp-image-6263\" alt=\"\" srcset=\"https:\/\/hc-techso.com\/wp-content\/uploads\/2023\/03\/IMG_1658138196374_1658138957791-1024x768.jpg 1024w, https:\/\/hc-techso.com\/wp-content\/uploads\/2023\/03\/IMG_1658138196374_1658138957791-300x225.jpg 300w, https:\/\/hc-techso.com\/wp-content\/uploads\/2023\/03\/IMG_1658138196374_1658138957791-768x576.jpg 768w, https:\/\/hc-techso.com\/wp-content\/uploads\/2023\/03\/IMG_1658138196374_1658138957791-1536x1152.jpg 1536w, https:\/\/hc-techso.com\/wp-content\/uploads\/2023\/03\/IMG_1658138196374_1658138957791-2048x1536.jpg 2048w, https:\/\/hc-techso.com\/wp-content\/uploads\/2023\/03\/IMG_1658138196374_1658138957791-16x12.jpg 16w, https:\/\/hc-techso.com\/wp-content\/uploads\/2023\/03\/IMG_1658138196374_1658138957791-700x525.jpg 700w\" sizes=\"auto, (max-width: 600px) 100vw, 600px\" \/>\t\t\t\t\t\t\t\t\t\t\t\t\t\t\t<\/div>\n\t\t\t\t<\/div>\n\t\t\t\t\t<\/div>\n\t\t<\/div>\n\t\t\t\t\t\t\t<\/div>\n\t\t<\/section>\n\t\t\t\t\t\t\t<\/div>","protected":false},"excerpt":{"rendered":"<p>join us today the right place for you C\u00f4ng ty HC Technologies and Solutions Vietnam CO., LTD ho\u1ea1t \u0111\u1ed9ng tr\u00ean c\u00e1c l\u0129nh v\u1ef1c:\u00a0\u00a0\u00a0&#8211; Cung c\u1ea5p c\u00e1c gi\u1ea3i ph\u00e1p, ph\u1ea7n m\u1ec1m x\u00e2y d\u1ef1ng\u00a0\u00a0\u00a0&#8211; Cung c\u1ea5p c\u00e1c d\u1ecbch v\u1ee5 m\u00f4 h\u00ecnh h\u00f3a v\u00e0 t\u1ea1o b\u1ea3n v\u1ebd (thi\u1ebft k\u1ebf v\u00e0 thi c\u00f4ng) cho ph\u1ea7n ki\u1ebfn tr\u00fac\/h\u1ea1 t\u1ea7ngM\u00f4i tr\u01b0\u1eddng l\u00e0m vi\u1ec7c n\u0103ng \u0111\u1ed9ng, c\u01a1 h\u1ed9i th\u0103ng ti\u1ebfn cao r\u1ea5t th\u00edch h\u1ee3p cho c\u00e1c b\u1ea1n tr\u1ebb ham h\u1ecdc h\u1ecfi. 2. [TUY\u1ec2N G\u1ea4P] BIM Modeler Ki\u1ebfn tr\u00fac\/K\u1ebft c\u1ea5u (Ng\u00e0y \u0111\u0103ng: 16\/03\/2023) a. N\u1ed9i dung c\u00f4ng vi\u1ec7c: &nbsp; &nbsp;&#8211; X\u00e2y d\u1ef1ng m\u00f4 h\u00ecnh 3D cho h\u1ea1ng m\u1ee5c ki\u1ebfn tr\u00fac, k\u1ebft c\u1ea5u b\u1eb1ng ph\u1ea7n m\u1ec1m Revit. &nbsp; &nbsp;&#8211; &hellip; <\/p>\n<p class=\"more-link-wrap\"><a href=\"https:\/\/hc-techso.com\/ja\/tuyen-dung\/tuyen-bim-modeler-160323\/\" class=\"more-link\"><span>Read More<span class=\"screen-reader-text\"> &#8220;Tuy\u1ec3n BIM Modeler 160323&#8221;<\/span><\/span><i class=\"opal-icon-arrow-right\" aria-hidden=\"true\"><\/i><\/a><\/p>","protected":false},"author":1,"featured_media":0,"parent":5538,"menu_order":0,"comment_status":"closed","ping_status":"closed","template":"","meta":{"inline_featured_image":false,"_mi_skip_tracking":false,"footnotes":""},"class_list":["post-6304","page","type-page","status-publish","hentry"],"aioseo_notices":[],"_links":{"self":[{"href":"https:\/\/hc-techso.com\/ja\/wp-json\/wp\/v2\/pages\/6304","targetHints":{"allow":["GET"]}}],"collection":[{"href":"https:\/\/hc-techso.com\/ja\/wp-json\/wp\/v2\/pages"}],"about":[{"href":"https:\/\/hc-techso.com\/ja\/wp-json\/wp\/v2\/types\/page"}],"author":[{"embeddable":true,"href":"https:\/\/hc-techso.com\/ja\/wp-json\/wp\/v2\/users\/1"}],"replies":[{"embeddable":true,"href":"https:\/\/hc-techso.com\/ja\/wp-json\/wp\/v2\/comments?post=6304"}],"version-history":[{"count":9,"href":"https:\/\/hc-techso.com\/ja\/wp-json\/wp\/v2\/pages\/6304\/revisions"}],"predecessor-version":[{"id":7310,"href":"https:\/\/hc-techso.com\/ja\/wp-json\/wp\/v2\/pages\/6304\/revisions\/7310"}],"up":[{"embeddable":true,"href":"https:\/\/hc-techso.com\/ja\/wp-json\/wp\/v2\/pages\/5538"}],"wp:attachment":[{"href":"https:\/\/hc-techso.com\/ja\/wp-json\/wp\/v2\/media?parent=6304"}],"curies":[{"name":"wp","href":"https:\/\/api.w.org\/{rel}","templated":true}]}}