{"id":6289,"date":"2023-03-21T09:51:10","date_gmt":"2023-03-21T09:51:10","guid":{"rendered":"https:\/\/hc-techso.com\/?page_id=6289"},"modified":"2024-07-07T09:17:40","modified_gmt":"2024-07-07T09:17:40","slug":"tuyen-lap-trinh-vien-160323","status":"publish","type":"page","link":"https:\/\/hc-techso.com\/ja\/tuyen-dung\/tuyen-lap-trinh-vien-160323\/","title":{"rendered":"\u30c7\u30d9\u30ed\u30c3\u30d1\u30fc\u52df\u96c6\uff08\u6295\u7a3f\u65e5\uff1a2023\/03\/16\uff09"},"content":{"rendered":"<div data-elementor-type=\"wp-page\" data-elementor-id=\"6289\" class=\"elementor elementor-6289\">\n\t\t\t\t\t\t\t\t\t<section class=\"elementor-section elementor-top-section elementor-element elementor-element-21c10820 elementor-section-boxed elementor-section-height-default elementor-section-height-default\" data-id=\"21c10820\" data-element_type=\"section\">\n\t\t\t\t\t\t<div class=\"elementor-container elementor-column-gap-default\">\n\t\t\t\t\t<div class=\"elementor-column elementor-col-50 elementor-top-column elementor-element elementor-element-60ea3dfc\" data-id=\"60ea3dfc\" data-element_type=\"column\">\n\t\t\t<div class=\"elementor-widget-wrap elementor-element-populated\">\n\t\t\t\t\t\t\t\t<div class=\"elementor-element elementor-element-302de8f3 elementor-position-below elementor-widget elementor-widget-heading\" data-id=\"302de8f3\" data-element_type=\"widget\" data-widget_type=\"heading.default\">\n\t\t\t\t<div class=\"elementor-widget-container\">\n\t\t\t<style>\/*! elementor - v3.12.2 - 23-04-2023 *\/\n.elementor-heading-title{padding:0;margin:0;line-height:1}.elementor-widget-heading .elementor-heading-title[class*=elementor-size-]>a{color:inherit;font-size:inherit;line-height:inherit}.elementor-widget-heading .elementor-heading-title.elementor-size-small{font-size:15px}.elementor-widget-heading .elementor-heading-title.elementor-size-medium{font-size:19px}.elementor-widget-heading .elementor-heading-title.elementor-size-large{font-size:29px}.elementor-widget-heading .elementor-heading-title.elementor-size-xl{font-size:39px}.elementor-widget-heading .elementor-heading-title.elementor-size-xxl{font-size:59px}<\/style><div class=\"elementor-heading-wrapper\" ><div class=\"elementor-heading-wrapper-inner\"><h4 class=\"elementor-heading-title elementor-size-default\">join us today<\/h4><\/div><\/div>\t\t<\/div>\n\t\t\t\t<\/div>\n\t\t\t\t<div class=\"elementor-element elementor-element-28b0e38 elementor-position-left elementor-position-below elementor-widget elementor-widget-heading\" data-id=\"28b0e38\" data-element_type=\"widget\" data-widget_type=\"heading.default\">\n\t\t\t\t<div class=\"elementor-widget-container\">\n\t\t\t<div class=\"elementor-heading-wrapper\" ><div class=\"elementor-heading-wrapper-inner\"><h2 class=\"elementor-heading-title elementor-size-default\">the right place for you<\/h2><\/div><\/div>\t\t<\/div>\n\t\t\t\t<\/div>\n\t\t\t\t\t<\/div>\n\t\t<\/div>\n\t\t\t\t<div class=\"elementor-column elementor-col-50 elementor-top-column elementor-element elementor-element-1f2d5bb6\" data-id=\"1f2d5bb6\" data-element_type=\"column\">\n\t\t\t<div class=\"elementor-widget-wrap elementor-element-populated\">\n\t\t\t\t\t\t\t\t<div class=\"elementor-element elementor-element-6c878fd elementor-widget elementor-widget-text-editor\" data-id=\"6c878fd\" data-element_type=\"widget\" data-widget_type=\"text-editor.default\">\n\t\t\t\t<div class=\"elementor-widget-container\">\n\t\t\t<style>\/*! elementor - v3.12.2 - 23-04-2023 *\/\n.elementor-widget-text-editor.elementor-drop-cap-view-stacked .elementor-drop-cap{background-color:#69727d;color:#fff}.elementor-widget-text-editor.elementor-drop-cap-view-framed .elementor-drop-cap{color:#69727d;border:3px solid;background-color:transparent}.elementor-widget-text-editor:not(.elementor-drop-cap-view-default) .elementor-drop-cap{margin-top:8px}.elementor-widget-text-editor:not(.elementor-drop-cap-view-default) .elementor-drop-cap-letter{width:1em;height:1em}.elementor-widget-text-editor .elementor-drop-cap{float:left;text-align:center;line-height:1;font-size:50px}.elementor-widget-text-editor .elementor-drop-cap-letter{display:inline-block}<\/style>        <div class=\"elementor-text-editor elementor-clearfix\"><p>HC Technologies and Solutions Vietnam CO., LTD \u306f\u6b21\u306e\u5206\u91ce\u3067\u4e8b\u696d\u3057\u3066\u3044\u307e\u3059\u3002<br \/>\u00a0\u00a0\u00a0\u30fb\u5efa\u7bc9\u306e\u30a2\u30d7\u30ea\u3001\u30bd\u30ea\u30e5\u30fc\u30b7\u30e7\u30f3\u63d0\u4f9b<br \/>\u00a0\u00a0\u00a0\u30fb\u5efa\u7bc9\u53ca\u3073\u571f\u6728\u3067\u30e2\u30c7\u30ea\u30f3\u30b0\u3001\u8a2d\u8a08\u30fb\u65bd\u5de5\u306e\u56f3\u9762\u4f5c\u56f3\u7b49\u3082\u30b5\u30d3\u30fc\u30b9\u63d0\u4f9b<br \/>\u67d4\u8edf\u6027\u306a\u8077\u5834\u74b0\u5883\u3001\u9ad8\u3044\u6607\u9032\u6a5f\u4f1a\u3068\u3057\u3066\u3001\u5b66\u7fd2\u610f\u6b32\u306e\u3042\u308b\u82e5\u8005\u306b\u9069\u3057\u3066\u3044\u307e\u3059\u3002<\/p><\/div>\n        \t\t<\/div>\n\t\t\t\t<\/div>\n\t\t\t\t\t<\/div>\n\t\t<\/div>\n\t\t\t\t\t\t\t<\/div>\n\t\t<\/section>\n\t\t\t\t<section class=\"elementor-section elementor-top-section elementor-element elementor-element-0e819ca elementor-section-boxed elementor-section-height-default elementor-section-height-default\" data-id=\"0e819ca\" data-element_type=\"section\">\n\t\t\t\t\t\t<div class=\"elementor-container elementor-column-gap-default\">\n\t\t\t\t\t<div class=\"elementor-column elementor-col-100 elementor-top-column elementor-element elementor-element-90feb9d\" data-id=\"90feb9d\" data-element_type=\"column\">\n\t\t\t<div class=\"elementor-widget-wrap elementor-element-populated\">\n\t\t\t\t\t\t\t\t<section class=\"elementor-section elementor-inner-section elementor-element elementor-element-95526b9 elementor-section-boxed elementor-section-height-default elementor-section-height-default\" data-id=\"95526b9\" data-element_type=\"section\">\n\t\t\t\t\t\t<div class=\"elementor-container elementor-column-gap-default\">\n\t\t\t\t\t<div class=\"elementor-column elementor-col-50 elementor-inner-column elementor-element elementor-element-a152bdf\" data-id=\"a152bdf\" data-element_type=\"column\">\n\t\t\t<div class=\"elementor-widget-wrap elementor-element-populated\">\n\t\t\t\t\t\t\t\t<div class=\"elementor-element elementor-element-93f4a46 elementor-widget elementor-widget-text-editor\" data-id=\"93f4a46\" data-element_type=\"widget\" data-widget_type=\"text-editor.default\">\n\t\t\t\t<div class=\"elementor-widget-container\">\n\t\t\t        <div class=\"elementor-text-editor elementor-clearfix\"><b>\u30c7\u30d9\u30ed\u30c3\u30d1\u30fc\u52df\u96c6\u901a\u77e5\uff08\u7814\u4fee\u751f\u52df\u96c6\u53ef\uff09<\/b><br>\n&nbsp; \uff08\u6295\u7a3f\u65e5\uff1a2023\/03\/16\uff09<br><br>\n<b>\u2460\u4f5c\u696d\u5185\u5bb9\uff1a<\/b><br>\n&nbsp;\u30fbWPF\u30a2\u30d7\u30ea\u958b\u767a\uff08frame work .NET, C#, VB\uff09 <br>\n<b>\u2461\u63a1\u7528\u6848\u4ef6\uff1a<\/b><br>\n&nbsp;\u30fbC#, VB, Java\u7b49\u306e\u30d7\u30ed\u30b0\u30e9\u30df\u30f3\u30b0\u8a00\u8a9e\u306e\u958b\u767a\u77e5\u8b58<br>\n&nbsp;\u30fbRevit\u5229\u7528\u53ef\u3001RevitAPI\u30fbDynamo\u306e\u958b\u767a\u7d4c\u9a13\u306f\u30d7\u30e9\u30b9<br>\n&nbsp;\u30fb\u5efa\u7bc9\u77e5\u8b58\u306f\u30d7\u30e9\u30b9<br>\n<b>\u2462\u5f85\u9047\uff1a<\/b><br>\n&nbsp;\u30fb\u7d66\u4e0e\uff1a\u80fd\u529b\u306b\u3088\u308a\u5fdc\u76f8\u8ac7<br>\n&nbsp;\u30fb\u8cde\u4e0e\uff1a\u7b2c13\u6708\u7d66<br>\n&nbsp;\u30fb\u30c1\u30fc\u30e0\u30d3\u30eb\u30c7\u30a3\u30f3\u30b0\u3001\u30cf\u30c3\u30d4\u30fc\u30a2\u30ef\u30fc\u3001\u6bce\u5e741\uff5e2\u56de\u306e\u65c5\u884c<br>\n&nbsp;\u5b9a\u671f\u7684\u306a\u4e00\u822c\u5065\u5eb7\u8a3a\u65ad<br>\n&nbsp;\u30fb\u65e5\u672c\u3078\u77ed\u671f\/\u9577\u671f\u306e\u51fa\u5f35\u3059\u308b\u53ef\u80fd<br>\n&nbsp;\u30fb\u6700\u65b0\u306e\u6280\u8853\u3092\u7814\u7a76\u30fb\u958b\u767a\u3059\u308b\u30c1\u30e3\u30f3\u30b9<br>\n&nbsp;\u30fb\u7814\u4fee\u751f\u306b\u5bfe\u3059\u308b\u652f\u63f4\u91d1<br>\n<b>\u2463\u55b6\u696d\u6642\u9593\uff1a<\/b><br>\n&nbsp;\u30fb\u6708\u66dc\uff5e\u91d1\u66dc\uff1a8:30 ~ 12:00 &amp; 13:15 ~ 17:45<br>\n&nbsp;\u30fb\u571f\u65e5\u306f\u4f11\u307f<br>\n<b>\u2464\u4f1a\u793e\u4f4f\u6240\uff1a<\/b><br>\n&nbsp;\u30fbA4-09, An Binh City 234 Pham Van Dong, Co Nhue 1, Bac Tu Liem, Hanoi, Vietnam<br>\n<u><a href=\"https:\/\/goo.gl\/maps\/ANPj7DGwKqjnoPr86\" target=\"_blank\" rel=\"noopener noreferrer\">\u5730\u56f3<\/a><\/u>\n<\/div>\n        \t\t<\/div>\n\t\t\t\t<\/div>\n\t\t\t\t\t<\/div>\n\t\t<\/div>\n\t\t\t\t<div class=\"elementor-column elementor-col-50 elementor-inner-column elementor-element elementor-element-b8a7259\" data-id=\"b8a7259\" data-element_type=\"column\">\n\t\t\t<div class=\"elementor-widget-wrap elementor-element-populated\">\n\t\t\t\t\t\t\t\t<div class=\"elementor-element elementor-element-f4512ae elementor-widget elementor-widget-image\" data-id=\"f4512ae\" data-element_type=\"widget\" data-widget_type=\"image.default\">\n\t\t\t\t<div class=\"elementor-widget-container\">\n\t\t\t<style>\/*! elementor - v3.12.2 - 23-04-2023 *\/\n.elementor-widget-image{text-align:center}.elementor-widget-image a{display:inline-block}.elementor-widget-image a img[src$=\".svg\"]{width:48px}.elementor-widget-image img{vertical-align:middle;display:inline-block}<\/style>\t\t\t\t\t\t\t\t\t\t\t\t<img loading=\"lazy\" decoding=\"async\" width=\"600\" height=\"800\" src=\"https:\/\/hc-techso.com\/wp-content\/uploads\/2023\/03\/z4081478602490_6b4bd804cc961114c24994b44ea013d9-768x1024.jpg\" class=\"attachment-large size-large wp-image-6219\" alt=\"\" srcset=\"https:\/\/hc-techso.com\/wp-content\/uploads\/2023\/03\/z4081478602490_6b4bd804cc961114c24994b44ea013d9-768x1024.jpg 768w, https:\/\/hc-techso.com\/wp-content\/uploads\/2023\/03\/z4081478602490_6b4bd804cc961114c24994b44ea013d9-225x300.jpg 225w, https:\/\/hc-techso.com\/wp-content\/uploads\/2023\/03\/z4081478602490_6b4bd804cc961114c24994b44ea013d9-1152x1536.jpg 1152w, https:\/\/hc-techso.com\/wp-content\/uploads\/2023\/03\/z4081478602490_6b4bd804cc961114c24994b44ea013d9-1536x2048.jpg 1536w, https:\/\/hc-techso.com\/wp-content\/uploads\/2023\/03\/z4081478602490_6b4bd804cc961114c24994b44ea013d9-9x12.jpg 9w, https:\/\/hc-techso.com\/wp-content\/uploads\/2023\/03\/z4081478602490_6b4bd804cc961114c24994b44ea013d9-700x933.jpg 700w, https:\/\/hc-techso.com\/wp-content\/uploads\/2023\/03\/z4081478602490_6b4bd804cc961114c24994b44ea013d9.jpg 1920w\" sizes=\"auto, (max-width: 600px) 100vw, 600px\" \/>\t\t\t\t\t\t\t\t\t\t\t\t\t\t\t<\/div>\n\t\t\t\t<\/div>\n\t\t\t\t\t<\/div>\n\t\t<\/div>\n\t\t\t\t\t\t\t<\/div>\n\t\t<\/section>\n\t\t\t\t\t<\/div>\n\t\t<\/div>\n\t\t\t\t\t\t\t<\/div>\n\t\t<\/section>\n\t\t\t\t\t\t\t<\/div>","protected":false},"excerpt":{"rendered":"<p>join us today the right place for you C\u00f4ng ty HC Technologies and Solutions Vietnam CO., LTD ho\u1ea1t \u0111\u1ed9ng tr\u00ean c\u00e1c l\u0129nh v\u1ef1c:\u00a0\u00a0\u00a0&#8211; Cung c\u1ea5p c\u00e1c gi\u1ea3i ph\u00e1p, ph\u1ea7n m\u1ec1m x\u00e2y d\u1ef1ng\u00a0\u00a0\u00a0&#8211; Cung c\u1ea5p c\u00e1c d\u1ecbch v\u1ee5 m\u00f4 h\u00ecnh h\u00f3a v\u00e0 t\u1ea1o b\u1ea3n v\u1ebd (thi\u1ebft k\u1ebf v\u00e0 thi c\u00f4ng) cho ph\u1ea7n ki\u1ebfn tr\u00fac\/h\u1ea1 t\u1ea7ngM\u00f4i tr\u01b0\u1eddng l\u00e0m vi\u1ec7c n\u0103ng \u0111\u1ed9ng, c\u01a1 h\u1ed9i th\u0103ng ti\u1ebfn cao r\u1ea5t th\u00edch h\u1ee3p cho c\u00e1c b\u1ea1n tr\u1ebb ham h\u1ecdc h\u1ecfi. 1. TUY\u1ec2N L\u1eacP TR\u00ccNH VI\u00caN &#8211; \u0110I L\u00c0M NGAY (C\u00f3 tuy\u1ec3n th\u1ef1c t\u1eadp sinh) &nbsp; (Ng\u00e0y \u0111\u0103ng: 16\/03\/2023) a. N\u1ed9i dung c\u00f4ng vi\u1ec7c: &nbsp;&#8211; X\u00e2y d\u1ef1ng \u1ee9ng d\u1ee5ng win form WPF (frame work .NET, C#, VB) &hellip; <\/p>\n<p class=\"more-link-wrap\"><a href=\"https:\/\/hc-techso.com\/ja\/tuyen-dung\/tuyen-lap-trinh-vien-160323\/\" class=\"more-link\"><span>Read More<span class=\"screen-reader-text\"> &#8220;Tuy\u1ec3n l\u1eadp tr\u00ecnh vi\u00ean 160323&#8221;<\/span><\/span><i class=\"opal-icon-arrow-right\" aria-hidden=\"true\"><\/i><\/a><\/p>","protected":false},"author":1,"featured_media":0,"parent":5538,"menu_order":0,"comment_status":"closed","ping_status":"closed","template":"","meta":{"inline_featured_image":false,"_mi_skip_tracking":false,"footnotes":""},"class_list":["post-6289","page","type-page","status-publish","hentry"],"aioseo_notices":[],"_links":{"self":[{"href":"https:\/\/hc-techso.com\/ja\/wp-json\/wp\/v2\/pages\/6289","targetHints":{"allow":["GET"]}}],"collection":[{"href":"https:\/\/hc-techso.com\/ja\/wp-json\/wp\/v2\/pages"}],"about":[{"href":"https:\/\/hc-techso.com\/ja\/wp-json\/wp\/v2\/types\/page"}],"author":[{"embeddable":true,"href":"https:\/\/hc-techso.com\/ja\/wp-json\/wp\/v2\/users\/1"}],"replies":[{"embeddable":true,"href":"https:\/\/hc-techso.com\/ja\/wp-json\/wp\/v2\/comments?post=6289"}],"version-history":[{"count":31,"href":"https:\/\/hc-techso.com\/ja\/wp-json\/wp\/v2\/pages\/6289\/revisions"}],"predecessor-version":[{"id":7343,"href":"https:\/\/hc-techso.com\/ja\/wp-json\/wp\/v2\/pages\/6289\/revisions\/7343"}],"up":[{"embeddable":true,"href":"https:\/\/hc-techso.com\/ja\/wp-json\/wp\/v2\/pages\/5538"}],"wp:attachment":[{"href":"https:\/\/hc-techso.com\/ja\/wp-json\/wp\/v2\/media?parent=6289"}],"curies":[{"name":"wp","href":"https:\/\/api.w.org\/{rel}","templated":true}]}}