{"id":5434,"date":"2023-03-05T10:48:41","date_gmt":"2023-03-05T10:48:41","guid":{"rendered":"https:\/\/hc-techso.com\/?page_id=5434"},"modified":"2026-02-28T04:14:20","modified_gmt":"2026-02-28T04:14:20","slug":"dich-vu","status":"publish","type":"page","link":"https:\/\/hc-techso.com\/ja\/dich-vu\/","title":{"rendered":"\u30b5\u30fc\u30d3\u30b9"},"content":{"rendered":"<div data-elementor-type=\"wp-page\" data-elementor-id=\"5434\" class=\"elementor elementor-5434\">\n\t\t\t\t\t\t\t\t\t<section class=\"elementor-section elementor-top-section elementor-element elementor-element-8b94858 elementor-section-stretched elementor-section-boxed elementor-section-height-default elementor-section-height-default\" data-id=\"8b94858\" data-element_type=\"section\" data-settings=\"{&quot;stretch_section&quot;:&quot;section-stretched&quot;}\">\n\t\t\t\t\t\t<div class=\"elementor-container elementor-column-gap-no\">\n\t\t\t\t\t<div class=\"elementor-column elementor-col-100 elementor-top-column elementor-element elementor-element-dd002f2\" data-id=\"dd002f2\" data-element_type=\"column\">\n\t\t\t<div class=\"elementor-widget-wrap elementor-element-populated\">\n\t\t\t\t\t\t\t\t<div class=\"elementor-element elementor-element-9237c38 elementor-service-text-align-left elementor-service-layout-2 elementor-widget elementor-widget-opal-services\" data-id=\"9237c38\" data-element_type=\"widget\" data-widget_type=\"opal-services.default\">\n\t\t\t\t<div class=\"elementor-widget-container\">\n\t\t\t            <div class=\"elementor-service-wrapper layout-2\">\n                <div class=\"row\" data-elementor-columns=\"3\" data-elementor-columns-tablet=\"2\">\n                    \n                        \n                        <div class=\"elementor-service-item column-item\">\n                            <div class=\"elementor-service-item-inner\">\n\n                                                                                                                    <div class=\"elementor-service-image\">\n            <div class=\"image-inner\">\n                <img loading=\"lazy\" decoding=\"async\" width=\"410\" height=\"450\" src=\"https:\/\/hc-techso.com\/wp-content\/uploads\/2025\/10\/BIMCIM_fit_410x450_C3D_official.png\" class=\"attachment-full size-full wp-image-8149\" alt=\"\" srcset=\"https:\/\/hc-techso.com\/wp-content\/uploads\/2025\/10\/BIMCIM_fit_410x450_C3D_official.png 410w, https:\/\/hc-techso.com\/wp-content\/uploads\/2025\/10\/BIMCIM_fit_410x450_C3D_official-273x300.png 273w, https:\/\/hc-techso.com\/wp-content\/uploads\/2025\/10\/BIMCIM_fit_410x450_C3D_official-11x12.png 11w\" sizes=\"auto, (max-width: 410px) 100vw, 410px\" \/>            <\/div>\n        <\/div>\n                                            \n                                    <div class=\"overlay flex-middle\">\n                                        <div class=\"elementor-service-box-content\">\n                                            <div class=\"elementor-icon\">\n                                                <i aria-hidden=\"true\" class=\"fas fa-tools\"><\/i>                                            <\/div>\n\n                                                                                            <h3 class=\"elementor-service-name\">\n                                                    <a href=\"https:\/\/hc-techso.com\/ja\/dich-vu\/phat-trien-phan-mem-bim-cim\/\">BIM\u30fbCIM\u30a2\u30c9\u30a4\u30f3\u30c4\u30fc\u30eb\u958b\u767a<\/a>                                                <\/h3>\n                                            \n                                        <\/div>\n                                    <\/div>\n                                                                <div class=\"elementor-item-box\">\n\n                                    <div class=\"elementor-service-box-content\">\n                                        <div class=\"elementor-icon\">\n                                            <i aria-hidden=\"true\" class=\"fas fa-tools\"><\/i>                                        <\/div>\n\n                                                                                    <h3 class=\"elementor-service-name\">\n                                                <a href=\"https:\/\/hc-techso.com\/ja\/dich-vu\/phat-trien-phan-mem-bim-cim\/\">BIM\u30fbCIM\u30a2\u30c9\u30a4\u30f3\u30c4\u30fc\u30eb\u958b\u767a<\/a>                                            <\/h3>\n                                        \n                                                                                    <div class=\"elementor-service-content\">\n                                                \u5efa\u7bc9\u7cfb\u30bd\u30d5\u30c8\u306e\u958b\u767a\u306b\u304a\u3044\u3066\u8c4a\u5bcc\u306a\u5b9f\u7e3e\u3068\u7d4c\u9a13\u3092\u6709\u3059\u308b\u958b\u767a\u30c1\u30fc\u30e0                                            <\/div>\n                                        \n                                    <\/div>\n                                <\/div>\n                            <\/div>\n                        <\/div>\n                    \n                        \n                        <div class=\"elementor-service-item column-item\">\n                            <div class=\"elementor-service-item-inner\">\n\n                                                                                                                    <div class=\"elementor-service-image\">\n            <div class=\"image-inner\">\n                <img loading=\"lazy\" decoding=\"async\" width=\"410\" height=\"450\" src=\"https:\/\/hc-techso.com\/wp-content\/uploads\/2025\/10\/BIM_modeling_darkbg_tightdrawing_410x450.png\" class=\"attachment-full size-full wp-image-8153\" alt=\"\" srcset=\"https:\/\/hc-techso.com\/wp-content\/uploads\/2025\/10\/BIM_modeling_darkbg_tightdrawing_410x450.png 410w, https:\/\/hc-techso.com\/wp-content\/uploads\/2025\/10\/BIM_modeling_darkbg_tightdrawing_410x450-273x300.png 273w, https:\/\/hc-techso.com\/wp-content\/uploads\/2025\/10\/BIM_modeling_darkbg_tightdrawing_410x450-11x12.png 11w\" sizes=\"auto, (max-width: 410px) 100vw, 410px\" \/>            <\/div>\n        <\/div>\n                                            \n                                    <div class=\"overlay flex-middle\">\n                                        <div class=\"elementor-service-box-content\">\n                                            <div class=\"elementor-icon\">\n                                                <i aria-hidden=\"true\" class=\"far fa-building\"><\/i>                                            <\/div>\n\n                                                                                            <h3 class=\"elementor-service-name\">\n                                                    <a href=\"https:\/\/hc-techso.com\/ja\/dich-vu\/dich-vu-bim\/\">BIM\u30e2\u30c7\u30ea\u30f3\u30b0<\/a>                                                <\/h3>\n                                            \n                                        <\/div>\n                                    <\/div>\n                                                                <div class=\"elementor-item-box\">\n\n                                    <div class=\"elementor-service-box-content\">\n                                        <div class=\"elementor-icon\">\n                                            <i aria-hidden=\"true\" class=\"far fa-building\"><\/i>                                        <\/div>\n\n                                                                                    <h3 class=\"elementor-service-name\">\n                                                <a href=\"https:\/\/hc-techso.com\/ja\/dich-vu\/dich-vu-bim\/\">BIM\u30e2\u30c7\u30ea\u30f3\u30b0<\/a>                                            <\/h3>\n                                        \n                                                                                    <div class=\"elementor-service-content\">\n                                                \u3054\u8981\u671b\u306b\u5fdc\u3058\u305f\u5efa\u7bc9\u30e2\u30c7\u30eb\u4f5c\u6210\u304a\u3088\u3073\u5efa\u7bc9\u56f3\u9762\u4f5c\u6210\u30b5\u30fc\u30d3\u30b9                                             <\/div>\n                                        \n                                    <\/div>\n                                <\/div>\n                            <\/div>\n                        <\/div>\n                    \n                        \n                        <div class=\"elementor-service-item column-item\">\n                            <div class=\"elementor-service-item-inner\">\n\n                                                                                                                    <div class=\"elementor-service-image\">\n            <div class=\"image-inner\">\n                <img loading=\"lazy\" decoding=\"async\" width=\"410\" height=\"450\" src=\"https:\/\/hc-techso.com\/wp-content\/uploads\/2025\/10\/MEP_equipment_modeling_rebro_style_detailed_410x450.png\" class=\"attachment-full size-full wp-image-8161\" alt=\"\" srcset=\"https:\/\/hc-techso.com\/wp-content\/uploads\/2025\/10\/MEP_equipment_modeling_rebro_style_detailed_410x450.png 410w, https:\/\/hc-techso.com\/wp-content\/uploads\/2025\/10\/MEP_equipment_modeling_rebro_style_detailed_410x450-273x300.png 273w, https:\/\/hc-techso.com\/wp-content\/uploads\/2025\/10\/MEP_equipment_modeling_rebro_style_detailed_410x450-11x12.png 11w\" sizes=\"auto, (max-width: 410px) 100vw, 410px\" \/>            <\/div>\n        <\/div>\n                                            \n                                    <div class=\"overlay flex-middle\">\n                                        <div class=\"elementor-service-box-content\">\n                                            <div class=\"elementor-icon\">\n                                                <i aria-hidden=\"true\" class=\"fas fa-bezier-curve\"><\/i>                                            <\/div>\n\n                                                                                            <h3 class=\"elementor-service-name\">\n                                                    <a href=\"https:\/\/hc-techso.com\/ja\/dich-vu\/dich-vu-mep\/\">MEP\u30b5\u30fc\u30d3\u30b9<\/a>                                                <\/h3>\n                                            \n                                        <\/div>\n                                    <\/div>\n                                                                <div class=\"elementor-item-box\">\n\n                                    <div class=\"elementor-service-box-content\">\n                                        <div class=\"elementor-icon\">\n                                            <i aria-hidden=\"true\" class=\"fas fa-bezier-curve\"><\/i>                                        <\/div>\n\n                                                                                    <h3 class=\"elementor-service-name\">\n                                                <a href=\"https:\/\/hc-techso.com\/ja\/dich-vu\/dich-vu-mep\/\">MEP\u30b5\u30fc\u30d3\u30b9<\/a>                                            <\/h3>\n                                        \n                                                                                    <div class=\"elementor-service-content\">\n                                                \u8a2d\u5099\u306e\u8a2d\u8a08\u53ca\u3073BIM\u30e2\u30c7\u30ea\u30f3\u30b0\u30b5\u30fc\u30d3\u30b9                                            <\/div>\n                                        \n                                    <\/div>\n                                <\/div>\n                            <\/div>\n                        <\/div>\n                    \n                        \n                        <div class=\"elementor-service-item column-item\">\n                            <div class=\"elementor-service-item-inner\">\n\n                                                                                                                    <div class=\"elementor-service-image\">\n            <div class=\"image-inner\">\n                <img loading=\"lazy\" decoding=\"async\" width=\"410\" height=\"450\" src=\"https:\/\/hc-techso.com\/wp-content\/uploads\/2025\/10\/CIM_modeling_road_bridge_tunnel_lightbg_410x450.png\" class=\"attachment-full size-full wp-image-8169\" alt=\"\" srcset=\"https:\/\/hc-techso.com\/wp-content\/uploads\/2025\/10\/CIM_modeling_road_bridge_tunnel_lightbg_410x450.png 410w, https:\/\/hc-techso.com\/wp-content\/uploads\/2025\/10\/CIM_modeling_road_bridge_tunnel_lightbg_410x450-273x300.png 273w, https:\/\/hc-techso.com\/wp-content\/uploads\/2025\/10\/CIM_modeling_road_bridge_tunnel_lightbg_410x450-11x12.png 11w\" sizes=\"auto, (max-width: 410px) 100vw, 410px\" \/>            <\/div>\n        <\/div>\n                                            \n                                    <div class=\"overlay flex-middle\">\n                                        <div class=\"elementor-service-box-content\">\n                                            <div class=\"elementor-icon\">\n                                                <i aria-hidden=\"true\" class=\"fas fa-road\"><\/i>                                            <\/div>\n\n                                                                                            <h3 class=\"elementor-service-name\">\n                                                    <a href=\"https:\/\/hc-techso.com\/ja\/dich-vu\/dung-mo-hinh-cim\/\">CIM\u30e2\u30c7\u30ea\u30f3\u30b0<\/a>                                                <\/h3>\n                                            \n                                        <\/div>\n                                    <\/div>\n                                                                <div class=\"elementor-item-box\">\n\n                                    <div class=\"elementor-service-box-content\">\n                                        <div class=\"elementor-icon\">\n                                            <i aria-hidden=\"true\" class=\"fas fa-road\"><\/i>                                        <\/div>\n\n                                                                                    <h3 class=\"elementor-service-name\">\n                                                <a href=\"https:\/\/hc-techso.com\/ja\/dich-vu\/dung-mo-hinh-cim\/\">CIM\u30e2\u30c7\u30ea\u30f3\u30b0<\/a>                                            <\/h3>\n                                        \n                                                                                    <div class=\"elementor-service-content\">\n                                                \u3054\u8981\u671b\u306b\u5fdc\u3058\u305f\u571f\u6728\u30e2\u30c7\u30eb\u4f5c\u6210\u53ca\u3073\u56f3\u9762\u4f5c\u56f3\u30b5\u30fc\u30d3\u30b9                                             <\/div>\n                                        \n                                    <\/div>\n                                <\/div>\n                            <\/div>\n                        <\/div>\n                    \n                        \n                        <div class=\"elementor-service-item column-item\">\n                            <div class=\"elementor-service-item-inner\">\n\n                                                                                                                    <div class=\"elementor-service-image\">\n            <div class=\"image-inner\">\n                <img loading=\"lazy\" decoding=\"async\" width=\"410\" height=\"450\" src=\"https:\/\/hc-techso.com\/wp-content\/uploads\/2021\/03\/services-5.jpg\" class=\"attachment-full size-full wp-image-2178\" alt=\"\" srcset=\"https:\/\/hc-techso.com\/wp-content\/uploads\/2021\/03\/services-5.jpg 410w, https:\/\/hc-techso.com\/wp-content\/uploads\/2021\/03\/services-5-273x300.jpg 273w\" sizes=\"auto, (max-width: 410px) 100vw, 410px\" \/>            <\/div>\n        <\/div>\n                                            \n                                    <div class=\"overlay flex-middle\">\n                                        <div class=\"elementor-service-box-content\">\n                                            <div class=\"elementor-icon\">\n                                                <i aria-hidden=\"true\" class=\"far fa-handshake\"><\/i>                                            <\/div>\n\n                                                                                            <h3 class=\"elementor-service-name\">\n                                                    <a href=\"https:\/\/hc-techso.com\/ja\/dich-vu\/nghien-cuu-phat-trien\/\">\u6559\u80b2\u30fb\u7814\u7a76\u958b\u767a<\/a>                                                <\/h3>\n                                            \n                                        <\/div>\n                                    <\/div>\n                                                                <div class=\"elementor-item-box\">\n\n                                    <div class=\"elementor-service-box-content\">\n                                        <div class=\"elementor-icon\">\n                                            <i aria-hidden=\"true\" class=\"far fa-handshake\"><\/i>                                        <\/div>\n\n                                                                                    <h3 class=\"elementor-service-name\">\n                                                <a href=\"https:\/\/hc-techso.com\/ja\/dich-vu\/nghien-cuu-phat-trien\/\">\u6559\u80b2\u30fb\u7814\u7a76\u958b\u767a<\/a>                                            <\/h3>\n                                        \n                                                                                    <div class=\"elementor-service-content\">\n                                                \u30cb\u30fc\u30ba\u306b\u5fdc\u3058\u305f\u6559\u80b2\u30fb\u7814\u7a76\u958b\u767a\u30b5\u30fc\u30d3\u30b9                                            <\/div>\n                                        \n                                    <\/div>\n                                <\/div>\n                            <\/div>\n                        <\/div>\n                    \n                        \n                        <div class=\"elementor-service-item column-item\">\n                            <div class=\"elementor-service-item-inner\">\n\n                                                                                                                    <div class=\"elementor-service-image\">\n            <div class=\"image-inner\">\n                <img loading=\"lazy\" decoding=\"async\" width=\"410\" height=\"450\" src=\"https:\/\/hc-techso.com\/wp-content\/uploads\/2025\/10\/WebDev_overlay_icons_plus_pictos_navybg_410x450.png\" class=\"attachment-full size-full wp-image-8177\" alt=\"\" srcset=\"https:\/\/hc-techso.com\/wp-content\/uploads\/2025\/10\/WebDev_overlay_icons_plus_pictos_navybg_410x450.png 410w, https:\/\/hc-techso.com\/wp-content\/uploads\/2025\/10\/WebDev_overlay_icons_plus_pictos_navybg_410x450-273x300.png 273w, https:\/\/hc-techso.com\/wp-content\/uploads\/2025\/10\/WebDev_overlay_icons_plus_pictos_navybg_410x450-11x12.png 11w\" sizes=\"auto, (max-width: 410px) 100vw, 410px\" \/>            <\/div>\n        <\/div>\n                                            \n                                    <div class=\"overlay flex-middle\">\n                                        <div class=\"elementor-service-box-content\">\n                                            <div class=\"elementor-icon\">\n                                                <i aria-hidden=\"true\" class=\"opal-icon- opal-icon-web-development\"><\/i>                                            <\/div>\n\n                                                                                            <h3 class=\"elementor-service-name\">\n                                                    <a href=\"https:\/\/hc-techso.com\/ja\/dich-vu\/phat-trien-web-apps\/\">Web \u30a2\u30d7\u30ea\u30b1\u30fc\u30b7\u30e7\u30f3\u958b\u767a<\/a>                                                <\/h3>\n                                            \n                                        <\/div>\n                                    <\/div>\n                                                                <div class=\"elementor-item-box\">\n\n                                    <div class=\"elementor-service-box-content\">\n                                        <div class=\"elementor-icon\">\n                                            <i aria-hidden=\"true\" class=\"opal-icon- opal-icon-web-development\"><\/i>                                        <\/div>\n\n                                                                                    <h3 class=\"elementor-service-name\">\n                                                <a href=\"https:\/\/hc-techso.com\/ja\/dich-vu\/phat-trien-web-apps\/\">Web \u30a2\u30d7\u30ea\u30b1\u30fc\u30b7\u30e7\u30f3\u958b\u767a<\/a>                                            <\/h3>\n                                        \n                                                                                    <div class=\"elementor-service-content\">\n                                                \u3054\u8981\u671b\u306b\u5fdc\u3058\u305fWeb\u30a2\u30d7\u30ea\u30b1\u30fc\u30b7\u30e7\u30f3\u958b\u767a\u652f\u63f4                                             <\/div>\n                                        \n                                    <\/div>\n                                <\/div>\n                            <\/div>\n                        <\/div>\n                                    <\/div>\n            <\/div>\n            \t\t<\/div>\n\t\t\t\t<\/div>\n\t\t\t\t\t<\/div>\n\t\t<\/div>\n\t\t\t\t\t\t\t<\/div>\n\t\t<\/section>\n\t\t\t\t\t\t\t<\/div>","protected":false},"excerpt":{"rendered":"<p>Ph\u00e1t tri\u1ec3n ph\u1ea7n m\u1ec1m BIM\/CIM Ph\u00e1t tri\u1ec3n ph\u1ea7n m\u1ec1m BIM\/CIM \u0110\u1ed9i ng\u0169 ph\u00e1t tri\u1ec3n ph\u1ea7n m\u1ec1m d\u00e0y d\u1eb7n kinh nghi\u1ec7m trong l\u0129nh v\u1ef1c x\u00e2y d\u1ef1ng. D\u1ef1ng m\u00f4 h\u00ecnh BIM D\u1ef1ng m\u00f4 h\u00ecnh BIM D\u1ecbch v\u1ee5 d\u1ef1ng m\u00f4 h\u00ecnh v\u00e0 tri\u1ec3n khai b\u1ea3n v\u1ebd ki\u1ebfn tr\u00fac theo y\u00eau c\u1ea7u. D\u1ecbch v\u1ee5 MEP D\u1ecbch v\u1ee5 MEP D\u1ecbch v\u1ee5 thi\u1ebft k\u1ebf MEP v\u00e0 d\u1ef1ng m\u00f4 h\u00ecnh BIM MEP D\u1ef1ng m\u00f4 h\u00ecnh CIM D\u1ef1ng m\u00f4 h\u00ecnh CIM D\u1ecbch v\u1ee5 d\u1ef1ng m\u00f4 h\u00ecnh v\u00e0 tri\u1ec3n khai b\u1ea3n v\u1ebd h\u1ea1 t\u1ea7ng theo y\u00eau c\u1ea7u. \u0110\u00e0o t\u1ea1o &#038; R&#038;D \u0110\u00e0o t\u1ea1o &#038; R&#038;D D\u1ecbch v\u1ee5 \u0111\u00e0o t\u1ea1o v\u00e0 nghi\u00ean c\u1ee9u ph\u00e1t tri\u1ec3n theo y\u00eau c\u1ea7u Ph\u00e1t tri\u1ec3n &hellip; <\/p>\n<p class=\"more-link-wrap\"><a href=\"https:\/\/hc-techso.com\/ja\/dich-vu\/\" class=\"more-link\"><span>Read More<span class=\"screen-reader-text\"> &#8220;D\u1ecbch v\u1ee5&#8221;<\/span><\/span><i class=\"opal-icon-arrow-right\" aria-hidden=\"true\"><\/i><\/a><\/p>","protected":false},"author":1,"featured_media":0,"parent":0,"menu_order":0,"comment_status":"closed","ping_status":"closed","template":"","meta":{"inline_featured_image":false,"_mi_skip_tracking":false,"footnotes":""},"class_list":["post-5434","page","type-page","status-publish","hentry"],"aioseo_notices":[],"_links":{"self":[{"href":"https:\/\/hc-techso.com\/ja\/wp-json\/wp\/v2\/pages\/5434","targetHints":{"allow":["GET"]}}],"collection":[{"href":"https:\/\/hc-techso.com\/ja\/wp-json\/wp\/v2\/pages"}],"about":[{"href":"https:\/\/hc-techso.com\/ja\/wp-json\/wp\/v2\/types\/page"}],"author":[{"embeddable":true,"href":"https:\/\/hc-techso.com\/ja\/wp-json\/wp\/v2\/users\/1"}],"replies":[{"embeddable":true,"href":"https:\/\/hc-techso.com\/ja\/wp-json\/wp\/v2\/comments?post=5434"}],"version-history":[{"count":124,"href":"https:\/\/hc-techso.com\/ja\/wp-json\/wp\/v2\/pages\/5434\/revisions"}],"predecessor-version":[{"id":8650,"href":"https:\/\/hc-techso.com\/ja\/wp-json\/wp\/v2\/pages\/5434\/revisions\/8650"}],"wp:attachment":[{"href":"https:\/\/hc-techso.com\/ja\/wp-json\/wp\/v2\/media?parent=5434"}],"curies":[{"name":"wp","href":"https:\/\/api.w.org\/{rel}","templated":true}]}}