{"id":7348,"date":"2024-07-07T09:26:21","date_gmt":"2024-07-07T09:26:21","guid":{"rendered":"https:\/\/hc-techso.com\/?page_id=7348"},"modified":"2024-07-07T09:42:16","modified_gmt":"2024-07-07T09:42:16","slug":"tuyen-lap-trinh-vien-250624","status":"publish","type":"page","link":"https:\/\/hc-techso.com\/en\/tuyen-dung\/tuyen-lap-trinh-vien-250624\/","title":{"rendered":"Tuy\u1ec3n l\u1eadp tr\u00ecnh vi\u00ean 250624"},"content":{"rendered":"<div data-elementor-type=\"wp-page\" data-elementor-id=\"7348\" class=\"elementor elementor-7348\">\n\t\t\t\t\t\t\t\t\t<section class=\"elementor-section elementor-top-section elementor-element elementor-element-46764da elementor-section-boxed elementor-section-height-default elementor-section-height-default\" data-id=\"46764da\" data-element_type=\"section\">\n\t\t\t\t\t\t<div class=\"elementor-container elementor-column-gap-default\">\n\t\t\t\t\t<div class=\"elementor-column elementor-col-50 elementor-top-column elementor-element elementor-element-9fa6d8a\" data-id=\"9fa6d8a\" data-element_type=\"column\">\n\t\t\t<div class=\"elementor-widget-wrap elementor-element-populated\">\n\t\t\t\t\t\t\t\t<div class=\"elementor-element elementor-element-fcf0284 elementor-position-below elementor-widget elementor-widget-heading\" data-id=\"fcf0284\" data-element_type=\"widget\" data-widget_type=\"heading.default\">\n\t\t\t\t<div class=\"elementor-widget-container\">\n\t\t\t<style>\/*! elementor - v3.12.2 - 23-04-2023 *\/\n.elementor-heading-title{padding:0;margin:0;line-height:1}.elementor-widget-heading .elementor-heading-title[class*=elementor-size-]>a{color:inherit;font-size:inherit;line-height:inherit}.elementor-widget-heading .elementor-heading-title.elementor-size-small{font-size:15px}.elementor-widget-heading .elementor-heading-title.elementor-size-medium{font-size:19px}.elementor-widget-heading .elementor-heading-title.elementor-size-large{font-size:29px}.elementor-widget-heading .elementor-heading-title.elementor-size-xl{font-size:39px}.elementor-widget-heading .elementor-heading-title.elementor-size-xxl{font-size:59px}<\/style><div class=\"elementor-heading-wrapper\" ><div class=\"elementor-heading-wrapper-inner\"><h4 class=\"elementor-heading-title elementor-size-default\">join us today<\/h4><\/div><\/div>\t\t<\/div>\n\t\t\t\t<\/div>\n\t\t\t\t<div class=\"elementor-element elementor-element-c541cd4 elementor-position-left elementor-position-below elementor-widget elementor-widget-heading\" data-id=\"c541cd4\" data-element_type=\"widget\" data-widget_type=\"heading.default\">\n\t\t\t\t<div class=\"elementor-widget-container\">\n\t\t\t<div class=\"elementor-heading-wrapper\" ><div class=\"elementor-heading-wrapper-inner\"><h2 class=\"elementor-heading-title elementor-size-default\">the right place for you<\/h2><\/div><\/div>\t\t<\/div>\n\t\t\t\t<\/div>\n\t\t\t\t\t<\/div>\n\t\t<\/div>\n\t\t\t\t<div class=\"elementor-column elementor-col-50 elementor-top-column elementor-element elementor-element-3a35a60\" data-id=\"3a35a60\" data-element_type=\"column\">\n\t\t\t<div class=\"elementor-widget-wrap elementor-element-populated\">\n\t\t\t\t\t\t\t\t<div class=\"elementor-element elementor-element-f9ebcc0 elementor-widget elementor-widget-text-editor\" data-id=\"f9ebcc0\" data-element_type=\"widget\" data-widget_type=\"text-editor.default\">\n\t\t\t\t<div class=\"elementor-widget-container\">\n\t\t\t<style>\/*! elementor - v3.12.2 - 23-04-2023 *\/\n.elementor-widget-text-editor.elementor-drop-cap-view-stacked .elementor-drop-cap{background-color:#69727d;color:#fff}.elementor-widget-text-editor.elementor-drop-cap-view-framed .elementor-drop-cap{color:#69727d;border:3px solid;background-color:transparent}.elementor-widget-text-editor:not(.elementor-drop-cap-view-default) .elementor-drop-cap{margin-top:8px}.elementor-widget-text-editor:not(.elementor-drop-cap-view-default) .elementor-drop-cap-letter{width:1em;height:1em}.elementor-widget-text-editor .elementor-drop-cap{float:left;text-align:center;line-height:1;font-size:50px}.elementor-widget-text-editor .elementor-drop-cap-letter{display:inline-block}<\/style>        <div class=\"elementor-text-editor elementor-clearfix\"><p>HC Technologies and Solutions Vietnam CO., LTD operates in the following fields:<br \/>\u00a0\u00a0\u00a0- Provide solutions, softwares of construction<br \/>\u00a0\u00a0\u00a0- Provide modeling and drawing services for the architecture and infrastructure<br \/>We have dynamic working environment and high promotion opportunities suitable for young people who are eager to learn and grow with us.<\/p><\/div>\n        \t\t<\/div>\n\t\t\t\t<\/div>\n\t\t\t\t\t<\/div>\n\t\t<\/div>\n\t\t\t\t\t\t\t<\/div>\n\t\t<\/section>\n\t\t\t\t<section class=\"elementor-section elementor-top-section elementor-element elementor-element-8c968cf elementor-section-boxed elementor-section-height-default elementor-section-height-default\" data-id=\"8c968cf\" data-element_type=\"section\">\n\t\t\t\t\t\t<div class=\"elementor-container elementor-column-gap-default\">\n\t\t\t\t\t<div class=\"elementor-column elementor-col-100 elementor-top-column elementor-element elementor-element-94ac7e2\" data-id=\"94ac7e2\" data-element_type=\"column\">\n\t\t\t<div class=\"elementor-widget-wrap elementor-element-populated\">\n\t\t\t\t\t\t\t\t<div class=\"elementor-element elementor-element-8bd7c12 elementor-widget elementor-widget-text-editor\" data-id=\"8bd7c12\" data-element_type=\"widget\" data-widget_type=\"text-editor.default\">\n\t\t\t\t<div class=\"elementor-widget-container\">\n\t\t\t        <div class=\"elementor-text-editor elementor-clearfix\"><b><TUY\u1ec2N G\u1ea4P> L\u1eacP TR\u00ccNH VI\u00caN &#038; TH\u1ef0C T\u1eacP L\u1eacP TR\u00ccNH VI\u00caN<\/b><br>\n&nbsp;(Ng\u00e0y \u0111\u0103ng: 25\/06\/2024)<br><br>\n<b>\u2705S\u1ed1 l\u01b0\u1ee3ng:<\/b><br>\n&nbsp;&#8211; L\u1eadp tr\u00ecnh vi\u00ean: 2 ng\u01b0\u1eddi. <br>\n&nbsp;&#8211; Th\u1ef1c t\u1eadp l\u1eadp tr\u00ecnh vi\u00ean: 4 ng\u01b0\u1eddi. <br>\n<b>\u2705N\u1ed9i dung c\u00f4ng vi\u1ec7c: <\/b><br>\n&nbsp;&#8211; X\u00e2y d\u1ef1ng \u1ee9ng d\u1ee5ng Win form, WPF (frame work .NET, C#, VB) <br>\n<b>\u2705Y\u00eau c\u1ea7u: <\/b><br>\n&nbsp;&#8211; Bi\u1ebft ng\u00f4n ng\u1eef l\u1eadp tr\u00ecnh h\u01b0\u1edbng \u0111\u1ed1i t\u01b0\u1ee3ng (Java, C#, VB, \u2026 ) <br>\n&nbsp;&#8211; Bi\u1ebft s\u1eed d\u1ee5ng ph\u1ea7n m\u1ec1m Revit, Civil 3D, bi\u1ebft l\u1eadp tr\u00ecnh Revit API, Civil 3D API, Dynamo l\u00e0 m\u1ed9t l\u1ee3i th\u1ebf<br>\n&nbsp;- Knowledge of architecture and construction is an advantage<br>\n<b>\u2705\u0110\u00e3i ng\u1ed9: <\/b><br>\n&nbsp;&#8211; L\u01b0\u01a1ng: tho\u1ea3 thu\u1eadn theo n\u0103ng l\u1ef1c (h\u1ea5p d\u1eabn) <br>\n&nbsp;- 13th month bonus<br>\n&nbsp;\u2013 Team building, happy hour, travel trip 1~2 times per year<br>\n&nbsp;- Periodic general health check<br>\n&nbsp;- Opportunity to research and develop new technologies<br>\n&nbsp;\u2013 For interns: have salary<br>\n<b>\u2705Th\u1eddi gian l\u00e0m vi\u1ec7c: <\/b><br>\n&nbsp;&#8211; 8:30~12:00 &#038; 13:15~17:45<br>\n&nbsp;- Working from Monday to Friday, Saturday and Sunday are day-offs.<br>\n<b>\u2705\u0110\u1ecba \u0111i\u1ec3m l\u00e0m vi\u1ec7c: <\/b><br>\n&nbsp;A4-09 An B\u00ecnh City, 234 Ph\u1ea1m V\u0103n \u0110\u1ed3ng, C\u1ed5 Nhu\u1ebf 1, B\u1eafc T\u1eeb Li\u00eam, H\u00e0 N\u1ed9i<br>\n<b>\u27a3Li\u00ean h\u1ec7:<\/b><br>\n&nbsp;&#8211; Mail to: info@hc-techso.com<br>\n&nbsp;&#8211; Zalo: 0988950390 \/ 0964705469<br><br>\n<\/div>\n        \t\t<\/div>\n\t\t\t\t<\/div>\n\t\t\t\t<div class=\"elementor-element elementor-element-212b227 elementor-widget elementor-widget-image\" data-id=\"212b227\" data-element_type=\"widget\" data-widget_type=\"image.default\">\n\t\t\t\t<div class=\"elementor-widget-container\">\n\t\t\t<style>\/*! elementor - v3.12.2 - 23-04-2023 *\/\n.elementor-widget-image{text-align:center}.elementor-widget-image a{display:inline-block}.elementor-widget-image a img[src$=\".svg\"]{width:48px}.elementor-widget-image img{vertical-align:middle;display:inline-block}<\/style>\t\t\t\t\t\t\t\t\t\t\t\t<img loading=\"lazy\" decoding=\"async\" width=\"600\" height=\"450\" src=\"https:\/\/hc-techso.com\/wp-content\/uploads\/2024\/07\/449149318_452880087514054_7881937992425741070_n-768x576.jpg\" class=\"attachment-medium_large size-medium_large wp-image-7352\" alt=\"\" srcset=\"https:\/\/hc-techso.com\/wp-content\/uploads\/2024\/07\/449149318_452880087514054_7881937992425741070_n-768x576.jpg 768w, https:\/\/hc-techso.com\/wp-content\/uploads\/2024\/07\/449149318_452880087514054_7881937992425741070_n-300x225.jpg 300w, https:\/\/hc-techso.com\/wp-content\/uploads\/2024\/07\/449149318_452880087514054_7881937992425741070_n-1024x768.jpg 1024w, https:\/\/hc-techso.com\/wp-content\/uploads\/2024\/07\/449149318_452880087514054_7881937992425741070_n-1536x1152.jpg 1536w, https:\/\/hc-techso.com\/wp-content\/uploads\/2024\/07\/449149318_452880087514054_7881937992425741070_n-16x12.jpg 16w, https:\/\/hc-techso.com\/wp-content\/uploads\/2024\/07\/449149318_452880087514054_7881937992425741070_n-700x525.jpg 700w, https:\/\/hc-techso.com\/wp-content\/uploads\/2024\/07\/449149318_452880087514054_7881937992425741070_n.jpg 2048w\" sizes=\"auto, (max-width: 600px) 100vw, 600px\" \/>\t\t\t\t\t\t\t\t\t\t\t\t\t\t\t<\/div>\n\t\t\t\t<\/div>\n\t\t\t\t\t<\/div>\n\t\t<\/div>\n\t\t\t\t\t\t\t<\/div>\n\t\t<\/section>\n\t\t\t\t\t\t\t<\/div>","protected":false},"excerpt":{"rendered":"<p>join us today the right place for you C\u00f4ng ty HC Technologies and Solutions Vietnam CO., LTD ho\u1ea1t \u0111\u1ed9ng tr\u00ean c\u00e1c l\u0129nh v\u1ef1c:\u00a0\u00a0\u00a0&#8211; Cung c\u1ea5p c\u00e1c gi\u1ea3i ph\u00e1p, ph\u1ea7n m\u1ec1m x\u00e2y d\u1ef1ng\u00a0\u00a0\u00a0&#8211; Cung c\u1ea5p c\u00e1c d\u1ecbch v\u1ee5 m\u00f4 h\u00ecnh h\u00f3a v\u00e0 t\u1ea1o b\u1ea3n v\u1ebd (thi\u1ebft k\u1ebf v\u00e0 thi c\u00f4ng) cho ph\u1ea7n ki\u1ebfn tr\u00fac\/h\u1ea1 t\u1ea7ngM\u00f4i tr\u01b0\u1eddng &hellip; <\/p>\n<p class=\"more-link-wrap\"><a href=\"https:\/\/hc-techso.com\/en\/tuyen-dung\/tuyen-lap-trinh-vien-250624\/\" class=\"more-link\"><span>Read More<span class=\"screen-reader-text\"> &#8220;Tuy\u1ec3n l\u1eadp tr\u00ecnh vi\u00ean 250624&#8221;<\/span><\/span><i class=\"opal-icon-arrow-right\" aria-hidden=\"true\"><\/i><\/a><\/p>","protected":false},"author":1,"featured_media":0,"parent":5538,"menu_order":0,"comment_status":"closed","ping_status":"closed","template":"","meta":{"inline_featured_image":false,"_mi_skip_tracking":false,"footnotes":""},"class_list":["post-7348","page","type-page","status-publish","hentry"],"aioseo_notices":[],"_links":{"self":[{"href":"https:\/\/hc-techso.com\/en\/wp-json\/wp\/v2\/pages\/7348","targetHints":{"allow":["GET"]}}],"collection":[{"href":"https:\/\/hc-techso.com\/en\/wp-json\/wp\/v2\/pages"}],"about":[{"href":"https:\/\/hc-techso.com\/en\/wp-json\/wp\/v2\/types\/page"}],"author":[{"embeddable":true,"href":"https:\/\/hc-techso.com\/en\/wp-json\/wp\/v2\/users\/1"}],"replies":[{"embeddable":true,"href":"https:\/\/hc-techso.com\/en\/wp-json\/wp\/v2\/comments?post=7348"}],"version-history":[{"count":5,"href":"https:\/\/hc-techso.com\/en\/wp-json\/wp\/v2\/pages\/7348\/revisions"}],"predecessor-version":[{"id":7356,"href":"https:\/\/hc-techso.com\/en\/wp-json\/wp\/v2\/pages\/7348\/revisions\/7356"}],"up":[{"embeddable":true,"href":"https:\/\/hc-techso.com\/en\/wp-json\/wp\/v2\/pages\/5538"}],"wp:attachment":[{"href":"https:\/\/hc-techso.com\/en\/wp-json\/wp\/v2\/media?parent=7348"}],"curies":[{"name":"wp","href":"https:\/\/api.w.org\/{rel}","templated":true}]}}