{"id":7311,"date":"2024-07-07T08:32:28","date_gmt":"2024-07-07T08:32:28","guid":{"rendered":"https:\/\/hc-techso.com\/?page_id=7311"},"modified":"2024-07-07T09:19:30","modified_gmt":"2024-07-07T09:19:30","slug":"tuyen-it-comtor-180624","status":"publish","type":"page","link":"https:\/\/hc-techso.com\/en\/tuyen-dung\/tuyen-it-comtor-180624\/","title":{"rendered":"Tuy\u1ec3n IT comtor 180624"},"content":{"rendered":"<div data-elementor-type=\"wp-page\" data-elementor-id=\"7311\" class=\"elementor elementor-7311\">\n\t\t\t\t\t\t\t\t\t<section class=\"elementor-section elementor-top-section elementor-element elementor-element-3420bf9 elementor-section-boxed elementor-section-height-default elementor-section-height-default\" data-id=\"3420bf9\" data-element_type=\"section\">\n\t\t\t\t\t\t<div class=\"elementor-container elementor-column-gap-default\">\n\t\t\t\t\t<div class=\"elementor-column elementor-col-50 elementor-top-column elementor-element elementor-element-1fcd955\" data-id=\"1fcd955\" data-element_type=\"column\">\n\t\t\t<div class=\"elementor-widget-wrap elementor-element-populated\">\n\t\t\t\t\t\t\t\t<div class=\"elementor-element elementor-element-ecfa418 elementor-position-below elementor-widget elementor-widget-heading\" data-id=\"ecfa418\" data-element_type=\"widget\" data-widget_type=\"heading.default\">\n\t\t\t\t<div class=\"elementor-widget-container\">\n\t\t\t<style>\/*! elementor - v3.12.2 - 23-04-2023 *\/\n.elementor-heading-title{padding:0;margin:0;line-height:1}.elementor-widget-heading .elementor-heading-title[class*=elementor-size-]>a{color:inherit;font-size:inherit;line-height:inherit}.elementor-widget-heading .elementor-heading-title.elementor-size-small{font-size:15px}.elementor-widget-heading .elementor-heading-title.elementor-size-medium{font-size:19px}.elementor-widget-heading .elementor-heading-title.elementor-size-large{font-size:29px}.elementor-widget-heading .elementor-heading-title.elementor-size-xl{font-size:39px}.elementor-widget-heading .elementor-heading-title.elementor-size-xxl{font-size:59px}<\/style><div class=\"elementor-heading-wrapper\" ><div class=\"elementor-heading-wrapper-inner\"><h4 class=\"elementor-heading-title elementor-size-default\">join us today<\/h4><\/div><\/div>\t\t<\/div>\n\t\t\t\t<\/div>\n\t\t\t\t<div class=\"elementor-element elementor-element-31be638 elementor-position-left elementor-position-below elementor-widget elementor-widget-heading\" data-id=\"31be638\" data-element_type=\"widget\" data-widget_type=\"heading.default\">\n\t\t\t\t<div class=\"elementor-widget-container\">\n\t\t\t<div class=\"elementor-heading-wrapper\" ><div class=\"elementor-heading-wrapper-inner\"><h2 class=\"elementor-heading-title elementor-size-default\">the right place for you<\/h2><\/div><\/div>\t\t<\/div>\n\t\t\t\t<\/div>\n\t\t\t\t\t<\/div>\n\t\t<\/div>\n\t\t\t\t<div class=\"elementor-column elementor-col-50 elementor-top-column elementor-element elementor-element-3e6099c\" data-id=\"3e6099c\" data-element_type=\"column\">\n\t\t\t<div class=\"elementor-widget-wrap elementor-element-populated\">\n\t\t\t\t\t\t\t\t<div class=\"elementor-element elementor-element-fc9e5de elementor-widget elementor-widget-text-editor\" data-id=\"fc9e5de\" data-element_type=\"widget\" data-widget_type=\"text-editor.default\">\n\t\t\t\t<div class=\"elementor-widget-container\">\n\t\t\t<style>\/*! elementor - v3.12.2 - 23-04-2023 *\/\n.elementor-widget-text-editor.elementor-drop-cap-view-stacked .elementor-drop-cap{background-color:#69727d;color:#fff}.elementor-widget-text-editor.elementor-drop-cap-view-framed .elementor-drop-cap{color:#69727d;border:3px solid;background-color:transparent}.elementor-widget-text-editor:not(.elementor-drop-cap-view-default) .elementor-drop-cap{margin-top:8px}.elementor-widget-text-editor:not(.elementor-drop-cap-view-default) .elementor-drop-cap-letter{width:1em;height:1em}.elementor-widget-text-editor .elementor-drop-cap{float:left;text-align:center;line-height:1;font-size:50px}.elementor-widget-text-editor .elementor-drop-cap-letter{display:inline-block}<\/style>        <div class=\"elementor-text-editor elementor-clearfix\"><p>HC Technologies and Solutions Vietnam CO., LTD operates in the following fields:<br \/>\u00a0\u00a0\u00a0- Provide solutions, softwares of construction<br \/>\u00a0\u00a0\u00a0- Provide modeling and drawing services for the architecture and infrastructure<br \/>We have dynamic working environment and high promotion opportunities suitable for young people who are eager to learn and grow with us.<\/p><\/div>\n        \t\t<\/div>\n\t\t\t\t<\/div>\n\t\t\t\t\t<\/div>\n\t\t<\/div>\n\t\t\t\t\t\t\t<\/div>\n\t\t<\/section>\n\t\t\t\t<section class=\"elementor-section elementor-top-section elementor-element elementor-element-7df4915 elementor-section-boxed elementor-section-height-default elementor-section-height-default\" data-id=\"7df4915\" data-element_type=\"section\">\n\t\t\t\t\t\t<div class=\"elementor-container elementor-column-gap-default\">\n\t\t\t\t\t<div class=\"elementor-column elementor-col-100 elementor-top-column elementor-element elementor-element-e0057f6\" data-id=\"e0057f6\" data-element_type=\"column\">\n\t\t\t<div class=\"elementor-widget-wrap elementor-element-populated\">\n\t\t\t\t\t\t\t\t<div class=\"elementor-element elementor-element-3d9dd34 elementor-widget elementor-widget-text-editor\" data-id=\"3d9dd34\" data-element_type=\"widget\" data-widget_type=\"text-editor.default\">\n\t\t\t\t<div class=\"elementor-widget-container\">\n\t\t\t        <div class=\"elementor-text-editor elementor-clearfix\"><b>1. [TUY\u1ec2N G\u1ea4P]  IT Comtor Ti\u1ebfng Nh\u1eadt v\u00e0 th\u1ef1c t\u1eadp IT comtor<\/b><br>\n&nbsp;(Ng\u00e0y \u0111\u0103ng: 18\/06\/2024)<br><br>\n<b>\u2705S\u1ed1 l\u01b0\u1ee3ng:<\/b><br>\n&nbsp;&#8211; IT Comtor: 01 ng\u01b0\u1eddi<br>\n&nbsp;&#8211; Th\u1ef1c t\u1eadp IT Comtor: 04 ng\u01b0\u1eddi<br>\n<b>\u2705N\u1ed9i dung c\u00f4ng vi\u1ec7c:<\/b><br>\n&nbsp;&#8211; C\u1ea7u n\u1ed1i gi\u1eefa team ph\u00e1t tri\u1ec3n \u1edf Vi\u1ec7t Nam v\u00e0 kh\u00e1ch h\u00e0ng Nh\u1eadt.<br>\n&nbsp;&#8211; Phi\u00ean d\u1ecbch trong c\u00e1c bu\u1ed5i meeting d\u1ef1 \u00e1n, \u0111\u1ea3m b\u1ea3o th\u00f4ng tin d\u1ef1 \u00e1n \u0111\u01b0\u1ee3c truy\u1ec1n \u0111\u1ea1t ch\u00ednh x\u00e1c, k\u1ecbp th\u1eddi t\u1edbi 2 ph\u00eda kh\u00e1ch h\u00e0ng v\u00e0 team ph\u00e1t tri\u1ec3n.<br>\n&nbsp;&#8211; D\u1ecbch c\u00e1c t\u00e0i li\u1ec7u Nh\u1eadt Vi\u1ec7t, Vi\u1ec7t Nh\u1eadt cho IT.<br>\n<b>\u2705Y\u00eau c\u1ea7u \u0111\u1ed1i v\u1edbi \u1ee9ng vi\u00ean:<\/b><br>\n&nbsp;&#8211; Ti\u1ebfng Nh\u1eadt N2 tr\u1edf l\u00ean, ho\u1eb7c tr\u00ecnh \u0111\u1ed9 t\u01b0\u01a1ng \u0111\u01b0\u01a1ng.<br>\n&nbsp;&#8211; Kinh nghi\u1ec7m 1 n\u0103m tr\u1edf l\u00ean, C\u00f3 ki\u1ebfn th\u1ee9c v\u1ec1 IT l\u00e0 m\u1ed9t l\u1ee3i th\u1ebf.<br>\n&nbsp;&#8211; \u01afu ti\u00ean \u1ee8ng vi\u00ean \u0111\u00e3 \u0111i \u0111u h\u1ecdc Nh\u1eadt B\u1ea3n, ho\u1eb7c c\u00f3 th\u1eddi gian s\u1ed1ng v\u00e0 l\u00e0m vi\u1ec7c t\u1ea1i Nh\u1eadt B\u1ea3n.<br>\n<b>\u2705Ch\u1ebf \u0111\u1ed9 \u0111\u00e3i ng\u1ed9:<\/b><br>\n&nbsp;&#8211; L\u01b0\u01a1ng: Th\u1ecfa thu\u1eadn t\u00f9y theo n\u0103ng l\u1ef1c (m\u1ee9c l\u01b0\u01a1ng h\u1ea5p d\u1eabn)<br>\n&nbsp;&#8211; Th\u01b0\u1edfng th\u00e1ng th\u1ee9 13, c\u00e1c ng\u00e0y l\u1ec5, sinh nh\u1eadt, th\u01b0\u1edfng d\u1ef1 \u00e1n.<br>\n&nbsp;&#8211; Kh\u00e1m s\u1ee9c kh\u1ecfe \u0111\u1ecbnh k\u1ef3 h\u00e0ng n\u0103m.<br>\n&nbsp;&#8211; Happy hour th\u1ee9 6 h\u00e0ng tu\u1ea7n.<br>\n&nbsp;&#8211; Ngh\u1ec9 Th\u1ee9 7 &#8211; Ch\u1ee7 Nh\u1eadt. 12 ng\u00e0y ph\u00e9p 1 n\u0103m.<br>\n&nbsp;&#8211; Nhi\u1ec1u ho\u1ea1t \u0111\u1ed9ng ngo\u1ea1i kh\u00f3a, th\u1ec3 thao (b\u00f3ng \u0111\u00e1, c\u1ea7u l\u00f4ng,&#8230;), du l\u1ecbch, Team-Building.<br>\n<b>\u2705Th\u1eddi gian &#038; \u0111\u1ecba \u0111i\u1ec3m l\u00e0m vi\u1ec7c:<\/b><br>\n&nbsp;&#8211; T\u1eeb th\u1ee9 2 ~ th\u1ee9 6 h\u00e0ng tu\u1ea7n.<br>\n&nbsp;&#8211; T\u1ea1i tr\u1ee5 s\u1edf: T\u1ea7ng 1, A4 An B\u00ecnh city, 234 Ph\u1ea1m V\u0103n \u0110\u1ed3ng, Ph\u01b0\u1eddng C\u1ed5 Nhu\u1ebf 1, Qu\u1eadn B\u1eafc T\u1eeb Li\u00eam, H\u00e0 N\u1ed9i.<br>\n<b>\u27a3Li\u00ean h\u1ec7:<\/b><br>\n&nbsp;&#8211; Mail to: info@hc-techso.com<br>\n&nbsp;&#8211; Zalo: 0988950390 \/ 0964705469\n<\/div>\n        \t\t<\/div>\n\t\t\t\t<\/div>\n\t\t\t\t<div class=\"elementor-element elementor-element-c24c363 elementor-widget elementor-widget-image\" data-id=\"c24c363\" data-element_type=\"widget\" data-widget_type=\"image.default\">\n\t\t\t\t<div class=\"elementor-widget-container\">\n\t\t\t<style>\/*! elementor - v3.12.2 - 23-04-2023 *\/\n.elementor-widget-image{text-align:center}.elementor-widget-image a{display:inline-block}.elementor-widget-image a img[src$=\".svg\"]{width:48px}.elementor-widget-image img{vertical-align:middle;display:inline-block}<\/style>\t\t\t\t\t\t\t\t\t\t\t\t<img loading=\"lazy\" decoding=\"async\" width=\"600\" height=\"450\" src=\"https:\/\/hc-techso.com\/wp-content\/uploads\/2024\/07\/448574596_448494881285908_893566233516741504_n-768x576.jpg\" class=\"attachment-medium_large size-medium_large wp-image-7321\" alt=\"\" srcset=\"https:\/\/hc-techso.com\/wp-content\/uploads\/2024\/07\/448574596_448494881285908_893566233516741504_n-768x576.jpg 768w, https:\/\/hc-techso.com\/wp-content\/uploads\/2024\/07\/448574596_448494881285908_893566233516741504_n-300x225.jpg 300w, https:\/\/hc-techso.com\/wp-content\/uploads\/2024\/07\/448574596_448494881285908_893566233516741504_n-1024x768.jpg 1024w, https:\/\/hc-techso.com\/wp-content\/uploads\/2024\/07\/448574596_448494881285908_893566233516741504_n-1536x1152.jpg 1536w, https:\/\/hc-techso.com\/wp-content\/uploads\/2024\/07\/448574596_448494881285908_893566233516741504_n-16x12.jpg 16w, https:\/\/hc-techso.com\/wp-content\/uploads\/2024\/07\/448574596_448494881285908_893566233516741504_n-700x525.jpg 700w, https:\/\/hc-techso.com\/wp-content\/uploads\/2024\/07\/448574596_448494881285908_893566233516741504_n.jpg 2048w\" sizes=\"auto, (max-width: 600px) 100vw, 600px\" \/>\t\t\t\t\t\t\t\t\t\t\t\t\t\t\t<\/div>\n\t\t\t\t<\/div>\n\t\t\t\t\t<\/div>\n\t\t<\/div>\n\t\t\t\t\t\t\t<\/div>\n\t\t<\/section>\n\t\t\t\t\t\t\t<\/div>","protected":false},"excerpt":{"rendered":"<p>join us today the right place for you C\u00f4ng ty HC Technologies and Solutions Vietnam CO., LTD ho\u1ea1t \u0111\u1ed9ng tr\u00ean c\u00e1c l\u0129nh v\u1ef1c:\u00a0\u00a0\u00a0&#8211; Cung c\u1ea5p c\u00e1c gi\u1ea3i ph\u00e1p, ph\u1ea7n m\u1ec1m x\u00e2y d\u1ef1ng\u00a0\u00a0\u00a0&#8211; Cung c\u1ea5p c\u00e1c d\u1ecbch v\u1ee5 m\u00f4 h\u00ecnh h\u00f3a v\u00e0 t\u1ea1o b\u1ea3n v\u1ebd (thi\u1ebft k\u1ebf v\u00e0 thi c\u00f4ng) cho ph\u1ea7n ki\u1ebfn tr\u00fac\/h\u1ea1 t\u1ea7ngM\u00f4i tr\u01b0\u1eddng &hellip; <\/p>\n<p class=\"more-link-wrap\"><a href=\"https:\/\/hc-techso.com\/en\/tuyen-dung\/tuyen-it-comtor-180624\/\" class=\"more-link\"><span>Read More<span class=\"screen-reader-text\"> &#8220;Tuy\u1ec3n IT comtor 180624&#8221;<\/span><\/span><i class=\"opal-icon-arrow-right\" aria-hidden=\"true\"><\/i><\/a><\/p>","protected":false},"author":1,"featured_media":0,"parent":5538,"menu_order":0,"comment_status":"closed","ping_status":"closed","template":"","meta":{"inline_featured_image":false,"_mi_skip_tracking":false,"footnotes":""},"class_list":["post-7311","page","type-page","status-publish","hentry"],"aioseo_notices":[],"_links":{"self":[{"href":"https:\/\/hc-techso.com\/en\/wp-json\/wp\/v2\/pages\/7311","targetHints":{"allow":["GET"]}}],"collection":[{"href":"https:\/\/hc-techso.com\/en\/wp-json\/wp\/v2\/pages"}],"about":[{"href":"https:\/\/hc-techso.com\/en\/wp-json\/wp\/v2\/types\/page"}],"author":[{"embeddable":true,"href":"https:\/\/hc-techso.com\/en\/wp-json\/wp\/v2\/users\/1"}],"replies":[{"embeddable":true,"href":"https:\/\/hc-techso.com\/en\/wp-json\/wp\/v2\/comments?post=7311"}],"version-history":[{"count":6,"href":"https:\/\/hc-techso.com\/en\/wp-json\/wp\/v2\/pages\/7311\/revisions"}],"predecessor-version":[{"id":7349,"href":"https:\/\/hc-techso.com\/en\/wp-json\/wp\/v2\/pages\/7311\/revisions\/7349"}],"up":[{"embeddable":true,"href":"https:\/\/hc-techso.com\/en\/wp-json\/wp\/v2\/pages\/5538"}],"wp:attachment":[{"href":"https:\/\/hc-techso.com\/en\/wp-json\/wp\/v2\/media?parent=7311"}],"curies":[{"name":"wp","href":"https:\/\/api.w.org\/{rel}","templated":true}]}}