{"id":6304,"date":"2023-03-21T09:58:46","date_gmt":"2023-03-21T09:58:46","guid":{"rendered":"https:\/\/hc-techso.com\/?page_id=6304"},"modified":"2023-03-21T10:00:16","modified_gmt":"2023-03-21T10:00:16","slug":"tuyen-bim-modeler-160323","status":"publish","type":"page","link":"https:\/\/hc-techso.com\/en\/tuyen-dung\/tuyen-bim-modeler-160323\/","title":{"rendered":"Tuy\u1ec3n BIM Modeler 160323"},"content":{"rendered":"<div data-elementor-type=\"wp-page\" data-elementor-id=\"6304\" class=\"elementor elementor-6304\">\n\t\t\t\t\t\t\t\t\t<section class=\"elementor-section elementor-top-section elementor-element elementor-element-181d2fd1 elementor-section-boxed elementor-section-height-default elementor-section-height-default\" data-id=\"181d2fd1\" data-element_type=\"section\">\n\t\t\t\t\t\t<div class=\"elementor-container elementor-column-gap-default\">\n\t\t\t\t\t<div class=\"elementor-column elementor-col-50 elementor-top-column elementor-element elementor-element-582eb447\" data-id=\"582eb447\" data-element_type=\"column\">\n\t\t\t<div class=\"elementor-widget-wrap elementor-element-populated\">\n\t\t\t\t\t\t\t\t<div class=\"elementor-element elementor-element-2e45d121 elementor-position-below elementor-widget elementor-widget-heading\" data-id=\"2e45d121\" data-element_type=\"widget\" data-widget_type=\"heading.default\">\n\t\t\t\t<div class=\"elementor-widget-container\">\n\t\t\t<style>\/*! elementor - v3.12.2 - 23-04-2023 *\/\n.elementor-heading-title{padding:0;margin:0;line-height:1}.elementor-widget-heading .elementor-heading-title[class*=elementor-size-]>a{color:inherit;font-size:inherit;line-height:inherit}.elementor-widget-heading .elementor-heading-title.elementor-size-small{font-size:15px}.elementor-widget-heading .elementor-heading-title.elementor-size-medium{font-size:19px}.elementor-widget-heading .elementor-heading-title.elementor-size-large{font-size:29px}.elementor-widget-heading .elementor-heading-title.elementor-size-xl{font-size:39px}.elementor-widget-heading .elementor-heading-title.elementor-size-xxl{font-size:59px}<\/style><div class=\"elementor-heading-wrapper\" ><div class=\"elementor-heading-wrapper-inner\"><h4 class=\"elementor-heading-title elementor-size-default\">join us today<\/h4><\/div><\/div>\t\t<\/div>\n\t\t\t\t<\/div>\n\t\t\t\t<div class=\"elementor-element elementor-element-696267ab elementor-position-left elementor-position-below elementor-widget elementor-widget-heading\" data-id=\"696267ab\" data-element_type=\"widget\" data-widget_type=\"heading.default\">\n\t\t\t\t<div class=\"elementor-widget-container\">\n\t\t\t<div class=\"elementor-heading-wrapper\" ><div class=\"elementor-heading-wrapper-inner\"><h2 class=\"elementor-heading-title elementor-size-default\">the right place for you<\/h2><\/div><\/div>\t\t<\/div>\n\t\t\t\t<\/div>\n\t\t\t\t\t<\/div>\n\t\t<\/div>\n\t\t\t\t<div class=\"elementor-column elementor-col-50 elementor-top-column elementor-element elementor-element-284db705\" data-id=\"284db705\" data-element_type=\"column\">\n\t\t\t<div class=\"elementor-widget-wrap elementor-element-populated\">\n\t\t\t\t\t\t\t\t<div class=\"elementor-element elementor-element-1b792785 elementor-widget elementor-widget-text-editor\" data-id=\"1b792785\" data-element_type=\"widget\" data-widget_type=\"text-editor.default\">\n\t\t\t\t<div class=\"elementor-widget-container\">\n\t\t\t<style>\/*! elementor - v3.12.2 - 23-04-2023 *\/\n.elementor-widget-text-editor.elementor-drop-cap-view-stacked .elementor-drop-cap{background-color:#69727d;color:#fff}.elementor-widget-text-editor.elementor-drop-cap-view-framed .elementor-drop-cap{color:#69727d;border:3px solid;background-color:transparent}.elementor-widget-text-editor:not(.elementor-drop-cap-view-default) .elementor-drop-cap{margin-top:8px}.elementor-widget-text-editor:not(.elementor-drop-cap-view-default) .elementor-drop-cap-letter{width:1em;height:1em}.elementor-widget-text-editor .elementor-drop-cap{float:left;text-align:center;line-height:1;font-size:50px}.elementor-widget-text-editor .elementor-drop-cap-letter{display:inline-block}<\/style>        <div class=\"elementor-text-editor elementor-clearfix\"><p>HC Technologies and Solutions Vietnam CO., LTD operates in the following fields:<br \/>\u00a0\u00a0\u00a0- Provide solutions, softwares of construction<br \/>\u00a0\u00a0\u00a0- Provide modeling and drawing services for the architecture and infrastructure<br \/>We have dynamic working environment and high promotion opportunities suitable for young people who are eager to learn and grow with us.<\/p><\/div>\n        \t\t<\/div>\n\t\t\t\t<\/div>\n\t\t\t\t\t<\/div>\n\t\t<\/div>\n\t\t\t\t\t\t\t<\/div>\n\t\t<\/section>\n\t\t\t\t<section class=\"elementor-section elementor-top-section elementor-element elementor-element-d8f146b elementor-section-boxed elementor-section-height-default elementor-section-height-default\" data-id=\"d8f146b\" data-element_type=\"section\">\n\t\t\t\t\t\t<div class=\"elementor-container elementor-column-gap-default\">\n\t\t\t\t\t<div class=\"elementor-column elementor-col-50 elementor-top-column elementor-element elementor-element-6322f762\" data-id=\"6322f762\" data-element_type=\"column\">\n\t\t\t<div class=\"elementor-widget-wrap elementor-element-populated\">\n\t\t\t\t\t\t\t\t<div class=\"elementor-element elementor-element-1b3fc4c8 elementor-widget elementor-widget-text-editor\" data-id=\"1b3fc4c8\" data-element_type=\"widget\" data-widget_type=\"text-editor.default\">\n\t\t\t\t<div class=\"elementor-widget-container\">\n\t\t\t        <div class=\"elementor-text-editor elementor-clearfix\"><b>2. Modeler recuitment<\/b><br>\n(Posted on 16\/03\/2023)<br><br>\n<b>a. Working details <\/b><br>\n&nbsp; &nbsp;&#8211; X\u00e2y d\u1ef1ng m\u00f4 h\u00ecnh 3D cho h\u1ea1ng m\u1ee5c ki\u1ebfn tr\u00fac, k\u1ebft c\u1ea5u b\u1eb1ng ph\u1ea7n m\u1ec1m Revit. <br>\n&nbsp; &nbsp;&#8211; Tri\u1ec3n khai b\u1ea3n v\u1ebd ShopDrawing theo ti\u00eau chu\u1ea9n Nh\u1eadt B\u1ea3n t\u1eeb m\u00f4 h\u00ecnh 3D b\u1eb1ng ph\u1ea7n m\u1ec1m Revit. <br>\n<b>b. Requirement <\/b><br>\n&nbsp; &nbsp;- Understand and exploit drawing information to serve the construction of deployment models<br>\n&nbsp; &nbsp;- Have experience in Japanese architectural\/structural construction drawings<br>\n&nbsp; &nbsp;- Able to work independently<br>\n&nbsp; &nbsp;- Speaking Japanese is plus<br>\n<b>c. Treatment <\/b><br>\n&nbsp; &nbsp;- Attractive salary <br>\n&nbsp; &nbsp;- 13th month bonus <br>\n&nbsp; &nbsp;\u2013 Team building, happy hour, travel trip 1~2 times per year<br>\n&nbsp; &nbsp;- Periodic health check once a year<br>\n<b>d. Working time &amp; location<\/b><br>\n&nbsp; &nbsp;- From 8:30 to 17:45 (lunch break 12:00 to 13:15), from Monday to Friday <br>\n&nbsp; &nbsp;&#8211; T\u1ea1i tr\u1ee5 s\u1edf: T\u1ea7ng 1, A4-09 An B\u00ecnh city, 234 Ph\u1ea1m V\u0103n \u0110\u1ed3ng, Ph\u01b0\u1eddng C\u1ed5 Nhu\u1ebf 1, Qu\u1eadn B\u1eafc T\u1eeb Li\u00eam, H\u00e0 N\u1ed9i<br>\n<u><a href=\"https:\/\/goo.gl\/maps\/ANPj7DGwKqjnoPr86\" target=\"_blank\" rel=\"noopener noreferrer\">B\u1ea3n \u0111\u1ed3<\/a><\/u>\n\n<\/div>\n        \t\t<\/div>\n\t\t\t\t<\/div>\n\t\t\t\t\t<\/div>\n\t\t<\/div>\n\t\t\t\t<div class=\"elementor-column elementor-col-50 elementor-top-column elementor-element elementor-element-2796e21c\" data-id=\"2796e21c\" data-element_type=\"column\">\n\t\t\t<div class=\"elementor-widget-wrap elementor-element-populated\">\n\t\t\t\t\t\t\t\t<div class=\"elementor-element elementor-element-1466bed0 elementor-widget elementor-widget-spacer\" data-id=\"1466bed0\" data-element_type=\"widget\" data-widget_type=\"spacer.default\">\n\t\t\t\t<div class=\"elementor-widget-container\">\n\t\t\t<style>\/*! elementor - v3.12.2 - 23-04-2023 *\/\n.elementor-column .elementor-spacer-inner{height:var(--spacer-size)}.e-con{--container-widget-width:100%}.e-con-inner>.elementor-widget-spacer,.e-con>.elementor-widget-spacer{width:var(--container-widget-width,var(--spacer-size));--align-self:var(--container-widget-align-self,initial);--flex-shrink:0}.e-con-inner>.elementor-widget-spacer>.elementor-widget-container,.e-con-inner>.elementor-widget-spacer>.elementor-widget-container>.elementor-spacer,.e-con>.elementor-widget-spacer>.elementor-widget-container,.e-con>.elementor-widget-spacer>.elementor-widget-container>.elementor-spacer{height:100%}.e-con-inner>.elementor-widget-spacer>.elementor-widget-container>.elementor-spacer>.elementor-spacer-inner,.e-con>.elementor-widget-spacer>.elementor-widget-container>.elementor-spacer>.elementor-spacer-inner{height:var(--container-widget-height,var(--spacer-size))}<\/style>        <div class=\"elementor-spacer\">\n            <div class=\"elementor-spacer-inner\"><\/div>\n        <\/div>\n\t\t\t\t<\/div>\n\t\t\t\t<\/div>\n\t\t\t\t<div class=\"elementor-element elementor-element-57d576b1 elementor-widget elementor-widget-image\" data-id=\"57d576b1\" data-element_type=\"widget\" data-widget_type=\"image.default\">\n\t\t\t\t<div class=\"elementor-widget-container\">\n\t\t\t<style>\/*! elementor - v3.12.2 - 23-04-2023 *\/\n.elementor-widget-image{text-align:center}.elementor-widget-image a{display:inline-block}.elementor-widget-image a img[src$=\".svg\"]{width:48px}.elementor-widget-image img{vertical-align:middle;display:inline-block}<\/style>\t\t\t\t\t\t\t\t\t\t\t\t<img loading=\"lazy\" decoding=\"async\" width=\"600\" height=\"450\" src=\"https:\/\/hc-techso.com\/wp-content\/uploads\/2023\/03\/IMG_1658138196374_1658138957791-1024x768.jpg\" class=\"attachment-large size-large wp-image-6263\" alt=\"\" srcset=\"https:\/\/hc-techso.com\/wp-content\/uploads\/2023\/03\/IMG_1658138196374_1658138957791-1024x768.jpg 1024w, https:\/\/hc-techso.com\/wp-content\/uploads\/2023\/03\/IMG_1658138196374_1658138957791-300x225.jpg 300w, https:\/\/hc-techso.com\/wp-content\/uploads\/2023\/03\/IMG_1658138196374_1658138957791-768x576.jpg 768w, https:\/\/hc-techso.com\/wp-content\/uploads\/2023\/03\/IMG_1658138196374_1658138957791-1536x1152.jpg 1536w, https:\/\/hc-techso.com\/wp-content\/uploads\/2023\/03\/IMG_1658138196374_1658138957791-2048x1536.jpg 2048w, https:\/\/hc-techso.com\/wp-content\/uploads\/2023\/03\/IMG_1658138196374_1658138957791-16x12.jpg 16w, https:\/\/hc-techso.com\/wp-content\/uploads\/2023\/03\/IMG_1658138196374_1658138957791-700x525.jpg 700w\" sizes=\"auto, (max-width: 600px) 100vw, 600px\" \/>\t\t\t\t\t\t\t\t\t\t\t\t\t\t\t<\/div>\n\t\t\t\t<\/div>\n\t\t\t\t\t<\/div>\n\t\t<\/div>\n\t\t\t\t\t\t\t<\/div>\n\t\t<\/section>\n\t\t\t\t\t\t\t<\/div>","protected":false},"excerpt":{"rendered":"<p>join us today the right place for you C\u00f4ng ty HC Technologies and Solutions Vietnam CO., LTD ho\u1ea1t \u0111\u1ed9ng tr\u00ean c\u00e1c l\u0129nh v\u1ef1c:\u00a0\u00a0\u00a0&#8211; Cung c\u1ea5p c\u00e1c gi\u1ea3i ph\u00e1p, ph\u1ea7n m\u1ec1m x\u00e2y d\u1ef1ng\u00a0\u00a0\u00a0&#8211; Cung c\u1ea5p c\u00e1c d\u1ecbch v\u1ee5 m\u00f4 h\u00ecnh h\u00f3a v\u00e0 t\u1ea1o b\u1ea3n v\u1ebd (thi\u1ebft k\u1ebf v\u00e0 thi c\u00f4ng) cho ph\u1ea7n ki\u1ebfn tr\u00fac\/h\u1ea1 t\u1ea7ngM\u00f4i tr\u01b0\u1eddng &hellip; <\/p>\n<p class=\"more-link-wrap\"><a href=\"https:\/\/hc-techso.com\/en\/tuyen-dung\/tuyen-bim-modeler-160323\/\" class=\"more-link\"><span>Read More<span class=\"screen-reader-text\"> &#8220;Tuy\u1ec3n BIM Modeler 160323&#8221;<\/span><\/span><i class=\"opal-icon-arrow-right\" aria-hidden=\"true\"><\/i><\/a><\/p>","protected":false},"author":1,"featured_media":0,"parent":5538,"menu_order":0,"comment_status":"closed","ping_status":"closed","template":"","meta":{"inline_featured_image":false,"_mi_skip_tracking":false,"footnotes":""},"class_list":["post-6304","page","type-page","status-publish","hentry"],"aioseo_notices":[],"_links":{"self":[{"href":"https:\/\/hc-techso.com\/en\/wp-json\/wp\/v2\/pages\/6304","targetHints":{"allow":["GET"]}}],"collection":[{"href":"https:\/\/hc-techso.com\/en\/wp-json\/wp\/v2\/pages"}],"about":[{"href":"https:\/\/hc-techso.com\/en\/wp-json\/wp\/v2\/types\/page"}],"author":[{"embeddable":true,"href":"https:\/\/hc-techso.com\/en\/wp-json\/wp\/v2\/users\/1"}],"replies":[{"embeddable":true,"href":"https:\/\/hc-techso.com\/en\/wp-json\/wp\/v2\/comments?post=6304"}],"version-history":[{"count":9,"href":"https:\/\/hc-techso.com\/en\/wp-json\/wp\/v2\/pages\/6304\/revisions"}],"predecessor-version":[{"id":7310,"href":"https:\/\/hc-techso.com\/en\/wp-json\/wp\/v2\/pages\/6304\/revisions\/7310"}],"up":[{"embeddable":true,"href":"https:\/\/hc-techso.com\/en\/wp-json\/wp\/v2\/pages\/5538"}],"wp:attachment":[{"href":"https:\/\/hc-techso.com\/en\/wp-json\/wp\/v2\/media?parent=6304"}],"curies":[{"name":"wp","href":"https:\/\/api.w.org\/{rel}","templated":true}]}}