{"id":6289,"date":"2023-03-21T09:51:10","date_gmt":"2023-03-21T09:51:10","guid":{"rendered":"https:\/\/hc-techso.com\/?page_id=6289"},"modified":"2024-07-07T09:17:40","modified_gmt":"2024-07-07T09:17:40","slug":"tuyen-lap-trinh-vien-160323","status":"publish","type":"page","link":"https:\/\/hc-techso.com\/en\/tuyen-dung\/tuyen-lap-trinh-vien-160323\/","title":{"rendered":"Tuy\u1ec3n l\u1eadp tr\u00ecnh vi\u00ean 160323"},"content":{"rendered":"<div data-elementor-type=\"wp-page\" data-elementor-id=\"6289\" class=\"elementor elementor-6289\">\n\t\t\t\t\t\t\t\t\t<section class=\"elementor-section elementor-top-section elementor-element elementor-element-21c10820 elementor-section-boxed elementor-section-height-default elementor-section-height-default\" data-id=\"21c10820\" data-element_type=\"section\">\n\t\t\t\t\t\t<div class=\"elementor-container elementor-column-gap-default\">\n\t\t\t\t\t<div class=\"elementor-column elementor-col-50 elementor-top-column elementor-element elementor-element-60ea3dfc\" data-id=\"60ea3dfc\" data-element_type=\"column\">\n\t\t\t<div class=\"elementor-widget-wrap elementor-element-populated\">\n\t\t\t\t\t\t\t\t<div class=\"elementor-element elementor-element-302de8f3 elementor-position-below elementor-widget elementor-widget-heading\" data-id=\"302de8f3\" data-element_type=\"widget\" data-widget_type=\"heading.default\">\n\t\t\t\t<div class=\"elementor-widget-container\">\n\t\t\t<style>\/*! elementor - v3.12.2 - 23-04-2023 *\/\n.elementor-heading-title{padding:0;margin:0;line-height:1}.elementor-widget-heading .elementor-heading-title[class*=elementor-size-]>a{color:inherit;font-size:inherit;line-height:inherit}.elementor-widget-heading .elementor-heading-title.elementor-size-small{font-size:15px}.elementor-widget-heading .elementor-heading-title.elementor-size-medium{font-size:19px}.elementor-widget-heading .elementor-heading-title.elementor-size-large{font-size:29px}.elementor-widget-heading .elementor-heading-title.elementor-size-xl{font-size:39px}.elementor-widget-heading .elementor-heading-title.elementor-size-xxl{font-size:59px}<\/style><div class=\"elementor-heading-wrapper\" ><div class=\"elementor-heading-wrapper-inner\"><h4 class=\"elementor-heading-title elementor-size-default\">join us today<\/h4><\/div><\/div>\t\t<\/div>\n\t\t\t\t<\/div>\n\t\t\t\t<div class=\"elementor-element elementor-element-28b0e38 elementor-position-left elementor-position-below elementor-widget elementor-widget-heading\" data-id=\"28b0e38\" data-element_type=\"widget\" data-widget_type=\"heading.default\">\n\t\t\t\t<div class=\"elementor-widget-container\">\n\t\t\t<div class=\"elementor-heading-wrapper\" ><div class=\"elementor-heading-wrapper-inner\"><h2 class=\"elementor-heading-title elementor-size-default\">the right place for you<\/h2><\/div><\/div>\t\t<\/div>\n\t\t\t\t<\/div>\n\t\t\t\t\t<\/div>\n\t\t<\/div>\n\t\t\t\t<div class=\"elementor-column elementor-col-50 elementor-top-column elementor-element elementor-element-1f2d5bb6\" data-id=\"1f2d5bb6\" data-element_type=\"column\">\n\t\t\t<div class=\"elementor-widget-wrap elementor-element-populated\">\n\t\t\t\t\t\t\t\t<div class=\"elementor-element elementor-element-6c878fd elementor-widget elementor-widget-text-editor\" data-id=\"6c878fd\" data-element_type=\"widget\" data-widget_type=\"text-editor.default\">\n\t\t\t\t<div class=\"elementor-widget-container\">\n\t\t\t<style>\/*! elementor - v3.12.2 - 23-04-2023 *\/\n.elementor-widget-text-editor.elementor-drop-cap-view-stacked .elementor-drop-cap{background-color:#69727d;color:#fff}.elementor-widget-text-editor.elementor-drop-cap-view-framed .elementor-drop-cap{color:#69727d;border:3px solid;background-color:transparent}.elementor-widget-text-editor:not(.elementor-drop-cap-view-default) .elementor-drop-cap{margin-top:8px}.elementor-widget-text-editor:not(.elementor-drop-cap-view-default) .elementor-drop-cap-letter{width:1em;height:1em}.elementor-widget-text-editor .elementor-drop-cap{float:left;text-align:center;line-height:1;font-size:50px}.elementor-widget-text-editor .elementor-drop-cap-letter{display:inline-block}<\/style>        <div class=\"elementor-text-editor elementor-clearfix\"><p>HC Technologies and Solutions Vietnam CO., LTD operates in the following fields:<br \/>\u00a0\u00a0\u00a0- Provide solutions, softwares of construction<br \/>\u00a0\u00a0\u00a0- Provide modeling and drawing services for the architecture and infrastructure<br \/>We have dynamic working environment and high promotion opportunities suitable for young people who are eager to learn and grow with us.<\/p><\/div>\n        \t\t<\/div>\n\t\t\t\t<\/div>\n\t\t\t\t\t<\/div>\n\t\t<\/div>\n\t\t\t\t\t\t\t<\/div>\n\t\t<\/section>\n\t\t\t\t<section class=\"elementor-section elementor-top-section elementor-element elementor-element-0e819ca elementor-section-boxed elementor-section-height-default elementor-section-height-default\" data-id=\"0e819ca\" data-element_type=\"section\">\n\t\t\t\t\t\t<div class=\"elementor-container elementor-column-gap-default\">\n\t\t\t\t\t<div class=\"elementor-column elementor-col-100 elementor-top-column elementor-element elementor-element-90feb9d\" data-id=\"90feb9d\" data-element_type=\"column\">\n\t\t\t<div class=\"elementor-widget-wrap elementor-element-populated\">\n\t\t\t\t\t\t\t\t<section class=\"elementor-section elementor-inner-section elementor-element elementor-element-95526b9 elementor-section-boxed elementor-section-height-default elementor-section-height-default\" data-id=\"95526b9\" data-element_type=\"section\">\n\t\t\t\t\t\t<div class=\"elementor-container elementor-column-gap-default\">\n\t\t\t\t\t<div class=\"elementor-column elementor-col-50 elementor-inner-column elementor-element elementor-element-a152bdf\" data-id=\"a152bdf\" data-element_type=\"column\">\n\t\t\t<div class=\"elementor-widget-wrap elementor-element-populated\">\n\t\t\t\t\t\t\t\t<div class=\"elementor-element elementor-element-93f4a46 elementor-widget elementor-widget-text-editor\" data-id=\"93f4a46\" data-element_type=\"widget\" data-widget_type=\"text-editor.default\">\n\t\t\t\t<div class=\"elementor-widget-container\">\n\t\t\t        <div class=\"elementor-text-editor elementor-clearfix\"><b>1. Recuit developer (or internship)<\/b><br>\n&nbsp; (Posted on 16\/03\/2023)<br><br>\n<b>a. Working details<\/b><br>\n&nbsp;- Build WPF win form application (frame work .NET, C#, VB) <br>\n<b>b. Requirement<\/b><br>\n&nbsp;- Knowledge of object-oriented programming languages (C#, VB, Java ...)<br>\n&nbsp;\u2013 Knowledge of Revit software, Revit API programming, Dynamo is an advantage<br>\n&nbsp;- Knowledge of architecture and construction is an advantage<br>\n<b>c. Treatment<\/b><br>\n&nbsp;- Salary: Negotiable according to ability<br>\n&nbsp;- 13th month bonus<br>\n&nbsp;\u2013 Team building, happy hour, travel trip 1~2 times per year<br>\n&nbsp;- Periodic general health check<br>\n&nbsp;\u2013 Opportunity to onsite in Japan for a short or long time<br>\n&nbsp;- Opportunity to research and develop new technologies<br>\n&nbsp;\u2013 For interns: have salary<br>\n<b>d. Working time<\/b><br>\n&nbsp;&#8211; 8:30 ~ 12:00 &amp; 13:15 ~ 17:45<br>\n&nbsp;- Working from Monday to Friday, Saturday and Sunday are day-offs.<br>\n<b>e. Working location<\/b><br>\n&nbsp;&#8211; A4-09 An B\u00ecnh City, 234 Ph\u1ea1m V\u0103n \u0110\u1ed3ng, C\u1ed5 Nhu\u1ebf 1, B\u1eafc T\u1eeb Li\u00eam, H\u00e0 N\u1ed9i<br>\n<u><a href=\"https:\/\/goo.gl\/maps\/ANPj7DGwKqjnoPr86\" target=\"_blank\" rel=\"noopener noreferrer\">B\u1ea3n \u0111\u1ed3<\/a><\/u>\n<\/div>\n        \t\t<\/div>\n\t\t\t\t<\/div>\n\t\t\t\t\t<\/div>\n\t\t<\/div>\n\t\t\t\t<div class=\"elementor-column elementor-col-50 elementor-inner-column elementor-element elementor-element-b8a7259\" data-id=\"b8a7259\" data-element_type=\"column\">\n\t\t\t<div class=\"elementor-widget-wrap elementor-element-populated\">\n\t\t\t\t\t\t\t\t<div class=\"elementor-element elementor-element-f4512ae elementor-widget elementor-widget-image\" data-id=\"f4512ae\" data-element_type=\"widget\" data-widget_type=\"image.default\">\n\t\t\t\t<div class=\"elementor-widget-container\">\n\t\t\t<style>\/*! elementor - v3.12.2 - 23-04-2023 *\/\n.elementor-widget-image{text-align:center}.elementor-widget-image a{display:inline-block}.elementor-widget-image a img[src$=\".svg\"]{width:48px}.elementor-widget-image img{vertical-align:middle;display:inline-block}<\/style>\t\t\t\t\t\t\t\t\t\t\t\t<img loading=\"lazy\" decoding=\"async\" width=\"600\" height=\"800\" src=\"https:\/\/hc-techso.com\/wp-content\/uploads\/2023\/03\/z4081478602490_6b4bd804cc961114c24994b44ea013d9-768x1024.jpg\" class=\"attachment-large size-large wp-image-6219\" alt=\"\" srcset=\"https:\/\/hc-techso.com\/wp-content\/uploads\/2023\/03\/z4081478602490_6b4bd804cc961114c24994b44ea013d9-768x1024.jpg 768w, https:\/\/hc-techso.com\/wp-content\/uploads\/2023\/03\/z4081478602490_6b4bd804cc961114c24994b44ea013d9-225x300.jpg 225w, https:\/\/hc-techso.com\/wp-content\/uploads\/2023\/03\/z4081478602490_6b4bd804cc961114c24994b44ea013d9-1152x1536.jpg 1152w, https:\/\/hc-techso.com\/wp-content\/uploads\/2023\/03\/z4081478602490_6b4bd804cc961114c24994b44ea013d9-1536x2048.jpg 1536w, https:\/\/hc-techso.com\/wp-content\/uploads\/2023\/03\/z4081478602490_6b4bd804cc961114c24994b44ea013d9-9x12.jpg 9w, https:\/\/hc-techso.com\/wp-content\/uploads\/2023\/03\/z4081478602490_6b4bd804cc961114c24994b44ea013d9-700x933.jpg 700w, https:\/\/hc-techso.com\/wp-content\/uploads\/2023\/03\/z4081478602490_6b4bd804cc961114c24994b44ea013d9.jpg 1920w\" sizes=\"auto, (max-width: 600px) 100vw, 600px\" \/>\t\t\t\t\t\t\t\t\t\t\t\t\t\t\t<\/div>\n\t\t\t\t<\/div>\n\t\t\t\t\t<\/div>\n\t\t<\/div>\n\t\t\t\t\t\t\t<\/div>\n\t\t<\/section>\n\t\t\t\t\t<\/div>\n\t\t<\/div>\n\t\t\t\t\t\t\t<\/div>\n\t\t<\/section>\n\t\t\t\t\t\t\t<\/div>","protected":false},"excerpt":{"rendered":"<p>join us today the right place for you C\u00f4ng ty HC Technologies and Solutions Vietnam CO., LTD ho\u1ea1t \u0111\u1ed9ng tr\u00ean c\u00e1c l\u0129nh v\u1ef1c:\u00a0\u00a0\u00a0&#8211; Cung c\u1ea5p c\u00e1c gi\u1ea3i ph\u00e1p, ph\u1ea7n m\u1ec1m x\u00e2y d\u1ef1ng\u00a0\u00a0\u00a0&#8211; Cung c\u1ea5p c\u00e1c d\u1ecbch v\u1ee5 m\u00f4 h\u00ecnh h\u00f3a v\u00e0 t\u1ea1o b\u1ea3n v\u1ebd (thi\u1ebft k\u1ebf v\u00e0 thi c\u00f4ng) cho ph\u1ea7n ki\u1ebfn tr\u00fac\/h\u1ea1 t\u1ea7ngM\u00f4i tr\u01b0\u1eddng &hellip; <\/p>\n<p class=\"more-link-wrap\"><a href=\"https:\/\/hc-techso.com\/en\/tuyen-dung\/tuyen-lap-trinh-vien-160323\/\" class=\"more-link\"><span>Read More<span class=\"screen-reader-text\"> &#8220;Tuy\u1ec3n l\u1eadp tr\u00ecnh vi\u00ean 160323&#8221;<\/span><\/span><i class=\"opal-icon-arrow-right\" aria-hidden=\"true\"><\/i><\/a><\/p>","protected":false},"author":1,"featured_media":0,"parent":5538,"menu_order":0,"comment_status":"closed","ping_status":"closed","template":"","meta":{"inline_featured_image":false,"_mi_skip_tracking":false,"footnotes":""},"class_list":["post-6289","page","type-page","status-publish","hentry"],"aioseo_notices":[],"_links":{"self":[{"href":"https:\/\/hc-techso.com\/en\/wp-json\/wp\/v2\/pages\/6289","targetHints":{"allow":["GET"]}}],"collection":[{"href":"https:\/\/hc-techso.com\/en\/wp-json\/wp\/v2\/pages"}],"about":[{"href":"https:\/\/hc-techso.com\/en\/wp-json\/wp\/v2\/types\/page"}],"author":[{"embeddable":true,"href":"https:\/\/hc-techso.com\/en\/wp-json\/wp\/v2\/users\/1"}],"replies":[{"embeddable":true,"href":"https:\/\/hc-techso.com\/en\/wp-json\/wp\/v2\/comments?post=6289"}],"version-history":[{"count":31,"href":"https:\/\/hc-techso.com\/en\/wp-json\/wp\/v2\/pages\/6289\/revisions"}],"predecessor-version":[{"id":7343,"href":"https:\/\/hc-techso.com\/en\/wp-json\/wp\/v2\/pages\/6289\/revisions\/7343"}],"up":[{"embeddable":true,"href":"https:\/\/hc-techso.com\/en\/wp-json\/wp\/v2\/pages\/5538"}],"wp:attachment":[{"href":"https:\/\/hc-techso.com\/en\/wp-json\/wp\/v2\/media?parent=6289"}],"curies":[{"name":"wp","href":"https:\/\/api.w.org\/{rel}","templated":true}]}}