{"id":5538,"date":"2023-03-07T10:46:59","date_gmt":"2023-03-07T10:46:59","guid":{"rendered":"https:\/\/hc-techso.com\/?page_id=5538"},"modified":"2024-07-07T09:44:54","modified_gmt":"2024-07-07T09:44:54","slug":"tuyen-dung","status":"publish","type":"page","link":"https:\/\/hc-techso.com\/en\/tuyen-dung\/","title":{"rendered":"Careers"},"content":{"rendered":"<div data-elementor-type=\"wp-page\" data-elementor-id=\"5538\" class=\"elementor elementor-5538\">\n\t\t\t\t\t\t\t\t\t<section class=\"elementor-section elementor-top-section elementor-element elementor-element-1b11c123 elementor-section-boxed elementor-section-height-default elementor-section-height-default\" data-id=\"1b11c123\" data-element_type=\"section\">\n\t\t\t\t\t\t<div class=\"elementor-container elementor-column-gap-default\">\n\t\t\t\t\t<div class=\"elementor-column elementor-col-50 elementor-top-column elementor-element elementor-element-91d1cd5\" data-id=\"91d1cd5\" data-element_type=\"column\">\n\t\t\t<div class=\"elementor-widget-wrap elementor-element-populated\">\n\t\t\t\t\t\t\t\t<div class=\"elementor-element elementor-element-5d4f16e7 elementor-position-below elementor-widget elementor-widget-heading\" data-id=\"5d4f16e7\" data-element_type=\"widget\" data-widget_type=\"heading.default\">\n\t\t\t\t<div class=\"elementor-widget-container\">\n\t\t\t<style>\/*! elementor - v3.12.2 - 23-04-2023 *\/\n.elementor-heading-title{padding:0;margin:0;line-height:1}.elementor-widget-heading .elementor-heading-title[class*=elementor-size-]>a{color:inherit;font-size:inherit;line-height:inherit}.elementor-widget-heading .elementor-heading-title.elementor-size-small{font-size:15px}.elementor-widget-heading .elementor-heading-title.elementor-size-medium{font-size:19px}.elementor-widget-heading .elementor-heading-title.elementor-size-large{font-size:29px}.elementor-widget-heading .elementor-heading-title.elementor-size-xl{font-size:39px}.elementor-widget-heading .elementor-heading-title.elementor-size-xxl{font-size:59px}<\/style><div class=\"elementor-heading-wrapper\" ><div class=\"elementor-heading-wrapper-inner\"><h4 class=\"elementor-heading-title elementor-size-default\">join us today<\/h4><\/div><\/div>\t\t<\/div>\n\t\t\t\t<\/div>\n\t\t\t\t<div class=\"elementor-element elementor-element-58d78873 elementor-position-left elementor-position-below elementor-widget elementor-widget-heading\" data-id=\"58d78873\" data-element_type=\"widget\" data-widget_type=\"heading.default\">\n\t\t\t\t<div class=\"elementor-widget-container\">\n\t\t\t<div class=\"elementor-heading-wrapper\" ><div class=\"elementor-heading-wrapper-inner\"><h2 class=\"elementor-heading-title elementor-size-default\">the right place for you<\/h2><\/div><\/div>\t\t<\/div>\n\t\t\t\t<\/div>\n\t\t\t\t\t<\/div>\n\t\t<\/div>\n\t\t\t\t<div class=\"elementor-column elementor-col-50 elementor-top-column elementor-element elementor-element-63a8a9fe\" data-id=\"63a8a9fe\" data-element_type=\"column\">\n\t\t\t<div class=\"elementor-widget-wrap elementor-element-populated\">\n\t\t\t\t\t\t\t\t<div class=\"elementor-element elementor-element-cd04dfc elementor-widget elementor-widget-text-editor\" data-id=\"cd04dfc\" data-element_type=\"widget\" data-widget_type=\"text-editor.default\">\n\t\t\t\t<div class=\"elementor-widget-container\">\n\t\t\t<style>\/*! elementor - v3.12.2 - 23-04-2023 *\/\n.elementor-widget-text-editor.elementor-drop-cap-view-stacked .elementor-drop-cap{background-color:#69727d;color:#fff}.elementor-widget-text-editor.elementor-drop-cap-view-framed .elementor-drop-cap{color:#69727d;border:3px solid;background-color:transparent}.elementor-widget-text-editor:not(.elementor-drop-cap-view-default) .elementor-drop-cap{margin-top:8px}.elementor-widget-text-editor:not(.elementor-drop-cap-view-default) .elementor-drop-cap-letter{width:1em;height:1em}.elementor-widget-text-editor .elementor-drop-cap{float:left;text-align:center;line-height:1;font-size:50px}.elementor-widget-text-editor .elementor-drop-cap-letter{display:inline-block}<\/style>        <div class=\"elementor-text-editor elementor-clearfix\"><p>HC Technologies and Solutions Vietnam CO., LTD operates in the following fields:<br \/>\u00a0\u00a0\u00a0- Provide solutions, softwares of construction<br \/>\u00a0\u00a0\u00a0- Provide modeling and drawing services for the architecture and infrastructure<br \/>We have dynamic working environment and high promotion opportunities suitable for young people who are eager to learn and grow with us.<\/p><\/div>\n        \t\t<\/div>\n\t\t\t\t<\/div>\n\t\t\t\t\t<\/div>\n\t\t<\/div>\n\t\t\t\t\t\t\t<\/div>\n\t\t<\/section>\n\t\t\t\t<section class=\"elementor-section elementor-top-section elementor-element elementor-element-71eceda elementor-section-boxed elementor-section-height-default elementor-section-height-default\" data-id=\"71eceda\" data-element_type=\"section\">\n\t\t\t\t\t\t<div class=\"elementor-container elementor-column-gap-default\">\n\t\t\t\t\t<div class=\"elementor-column elementor-col-100 elementor-top-column elementor-element elementor-element-7faf166\" data-id=\"7faf166\" data-element_type=\"column\">\n\t\t\t<div class=\"elementor-widget-wrap elementor-element-populated\">\n\t\t\t\t\t\t\t\t<section class=\"elementor-section elementor-inner-section elementor-element elementor-element-4e1bbf6 elementor-section-boxed elementor-section-height-default elementor-section-height-default\" data-id=\"4e1bbf6\" data-element_type=\"section\">\n\t\t\t\t\t\t<div class=\"elementor-container elementor-column-gap-no\">\n\t\t\t\t\t<div class=\"elementor-column elementor-col-100 elementor-inner-column elementor-element elementor-element-966a33d\" data-id=\"966a33d\" data-element_type=\"column\">\n\t\t\t<div class=\"elementor-widget-wrap elementor-element-populated\">\n\t\t\t\t\t\t\t\t<div class=\"elementor-element elementor-element-8c806aa elementor-widget elementor-widget-icon-list\" data-id=\"8c806aa\" data-element_type=\"widget\" data-widget_type=\"icon-list.default\">\n\t\t\t\t<div class=\"elementor-widget-container\">\n\t\t\t<link rel=\"stylesheet\" href=\"https:\/\/hc-techso.com\/wp-content\/plugins\/elementor\/assets\/css\/widget-icon-list.min.css\">        <ul class=\"elementor-icon-list-items\">\n                            <li class=\"elementor-icon-list-item\" >\n                    <a href=\"https:\/\/hc-techso.com\/en\/tuyen-dung\/tuyen-lap-trinh-vien-250624\/\">                        <span class=\"elementor-icon-list-icon\">\n\t\t\t\t\t\t\t<i class=\"opal-icon-caret-right\" aria-hidden=\"true\"><\/i>\n\t\t\t\t\t\t<\/span>\n                                        <span class=\"elementor-icon-list-text\">[TUY\u1ec2N G\u1ea4P]  Tuy\u1ec3n l\u1eadp tr\u00ecnh vi\u00ean v\u00e0 Th\u1ef1c t\u1eadp l\u1eadp tr\u00ecnh (Ng\u00e0y \u0111\u0103ng 25\/06\/2024)<\/span>\n                                            <\/a>\n                                    <\/li>\n                            <li class=\"elementor-icon-list-item\" >\n                    <a href=\"https:\/\/hc-techso.com\/en\/tuyen-dung\/tuyen-it-comtor-180624\/\">                        <span class=\"elementor-icon-list-icon\">\n\t\t\t\t\t\t\t<i class=\"opal-icon-caret-right\" aria-hidden=\"true\"><\/i>\n\t\t\t\t\t\t<\/span>\n                                        <span class=\"elementor-icon-list-text\">[TUY\u1ec2N G\u1ea4P] IT Comtor ti\u1ebfng Nh\u1eadt v\u00e0 th\u1ef1c t\u1eadp IT comtor (Ng\u00e0y \u0111\u0103ng 18\/06\/2024)<\/span>\n                                            <\/a>\n                                    <\/li>\n                            <li class=\"elementor-icon-list-item\" >\n                    <a href=\"https:\/\/hc-techso.com\/en\/tuyen-dung\/tuyen-lap-trinh-vien-160323\/\">                        <span class=\"elementor-icon-list-icon\">\n\t\t\t\t\t\t\t<i class=\"opal-icon-caret-right\" aria-hidden=\"true\"><\/i>\n\t\t\t\t\t\t<\/span>\n                                        <span class=\"elementor-icon-list-text\">TUY\u1ec2N L\u1eacP TR\u00ccNH VI\u00caN - \u0110I L\u00c0M NGAY (C\u00f3 tuy\u1ec3n th\u1ef1c t\u1eadp sinh) (Ng\u00e0y \u0111\u0103ng 16\/03\/2023)<\/span>\n                                            <\/a>\n                                    <\/li>\n                            <li class=\"elementor-icon-list-item\" >\n                    <a href=\"https:\/\/hc-techso.com\/en\/tuyen-dung\/tuyen-bim-modeler-160323\/\">                        <span class=\"elementor-icon-list-icon\">\n\t\t\t\t\t\t\t<i class=\"opal-icon-caret-right\" aria-hidden=\"true\"><\/i>\n\t\t\t\t\t\t<\/span>\n                                        <span class=\"elementor-icon-list-text\"> [TUY\u1ec2N G\u1ea4P] BIM Modeler Ki\u1ebfn tr\u00fac\/K\u1ebft c\u1ea5u (Ng\u00e0y \u0111\u0103ng 16\/03\/2023)<\/span>\n                                            <\/a>\n                                    <\/li>\n                    <\/ul>\n        \t\t<\/div>\n\t\t\t\t<\/div>\n\t\t\t\t<div class=\"elementor-element elementor-element-71abc7c elementor-widget elementor-widget-spacer\" data-id=\"71abc7c\" data-element_type=\"widget\" data-widget_type=\"spacer.default\">\n\t\t\t\t<div class=\"elementor-widget-container\">\n\t\t\t<style>\/*! elementor - v3.12.2 - 23-04-2023 *\/\n.elementor-column .elementor-spacer-inner{height:var(--spacer-size)}.e-con{--container-widget-width:100%}.e-con-inner>.elementor-widget-spacer,.e-con>.elementor-widget-spacer{width:var(--container-widget-width,var(--spacer-size));--align-self:var(--container-widget-align-self,initial);--flex-shrink:0}.e-con-inner>.elementor-widget-spacer>.elementor-widget-container,.e-con-inner>.elementor-widget-spacer>.elementor-widget-container>.elementor-spacer,.e-con>.elementor-widget-spacer>.elementor-widget-container,.e-con>.elementor-widget-spacer>.elementor-widget-container>.elementor-spacer{height:100%}.e-con-inner>.elementor-widget-spacer>.elementor-widget-container>.elementor-spacer>.elementor-spacer-inner,.e-con>.elementor-widget-spacer>.elementor-widget-container>.elementor-spacer>.elementor-spacer-inner{height:var(--container-widget-height,var(--spacer-size))}<\/style>        <div class=\"elementor-spacer\">\n            <div class=\"elementor-spacer-inner\"><\/div>\n        <\/div>\n\t\t\t\t<\/div>\n\t\t\t\t<\/div>\n\t\t\t\t\t<\/div>\n\t\t<\/div>\n\t\t\t\t\t\t\t<\/div>\n\t\t<\/section>\n\t\t\t\t\t<\/div>\n\t\t<\/div>\n\t\t\t\t\t\t\t<\/div>\n\t\t<\/section>\n\t\t\t\t\t\t\t<\/div>","protected":false},"excerpt":{"rendered":"<p>join us today the right place for you C\u00f4ng ty HC Technologies and Solutions Vietnam CO., LTD ho\u1ea1t \u0111\u1ed9ng tr\u00ean c\u00e1c l\u0129nh v\u1ef1c:\u00a0\u00a0\u00a0&#8211; Cung c\u1ea5p c\u00e1c gi\u1ea3i ph\u00e1p, ph\u1ea7n m\u1ec1m x\u00e2y d\u1ef1ng\u00a0\u00a0\u00a0&#8211; Cung c\u1ea5p c\u00e1c d\u1ecbch v\u1ee5 m\u00f4 h\u00ecnh h\u00f3a v\u00e0 t\u1ea1o b\u1ea3n v\u1ebd (thi\u1ebft k\u1ebf v\u00e0 thi c\u00f4ng) cho ph\u1ea7n ki\u1ebfn tr\u00fac\/h\u1ea1 t\u1ea7ngM\u00f4i tr\u01b0\u1eddng &hellip; <\/p>\n<p class=\"more-link-wrap\"><a href=\"https:\/\/hc-techso.com\/en\/tuyen-dung\/\" class=\"more-link\"><span>Read More<span class=\"screen-reader-text\"> &#8220;Tuy\u1ec3n d\u1ee5ng&#8221;<\/span><\/span><i class=\"opal-icon-arrow-right\" aria-hidden=\"true\"><\/i><\/a><\/p>","protected":false},"author":1,"featured_media":0,"parent":0,"menu_order":0,"comment_status":"closed","ping_status":"closed","template":"page-elementor.php","meta":{"inline_featured_image":false,"_mi_skip_tracking":false,"footnotes":""},"class_list":["post-5538","page","type-page","status-publish","hentry"],"aioseo_notices":[],"_links":{"self":[{"href":"https:\/\/hc-techso.com\/en\/wp-json\/wp\/v2\/pages\/5538","targetHints":{"allow":["GET"]}}],"collection":[{"href":"https:\/\/hc-techso.com\/en\/wp-json\/wp\/v2\/pages"}],"about":[{"href":"https:\/\/hc-techso.com\/en\/wp-json\/wp\/v2\/types\/page"}],"author":[{"embeddable":true,"href":"https:\/\/hc-techso.com\/en\/wp-json\/wp\/v2\/users\/1"}],"replies":[{"embeddable":true,"href":"https:\/\/hc-techso.com\/en\/wp-json\/wp\/v2\/comments?post=5538"}],"version-history":[{"count":94,"href":"https:\/\/hc-techso.com\/en\/wp-json\/wp\/v2\/pages\/5538\/revisions"}],"predecessor-version":[{"id":7359,"href":"https:\/\/hc-techso.com\/en\/wp-json\/wp\/v2\/pages\/5538\/revisions\/7359"}],"wp:attachment":[{"href":"https:\/\/hc-techso.com\/en\/wp-json\/wp\/v2\/media?parent=5538"}],"curies":[{"name":"wp","href":"https:\/\/api.w.org\/{rel}","templated":true}]}}